{"id":638,"date":"2022-05-05T13:22:30","date_gmt":"2022-05-05T13:22:30","guid":{"rendered":"https:\/\/holohouse.se\/?page_id=638"},"modified":"2025-10-14T08:47:13","modified_gmt":"2025-10-14T08:47:13","slug":"lediga-jobb","status":"publish","type":"page","link":"https:\/\/holohouse.se\/en\/lediga-jobb\/","title":{"rendered":"Available jobs"},"content":{"rendered":"<div data-elementor-type=\"wp-page\" data-elementor-id=\"638\" class=\"elementor elementor-638\" data-elementor-post-type=\"page\">\n\t\t\t\t\t\t<section class=\"elementor-section elementor-top-section elementor-element elementor-element-38cf418f elementor-section-height-min-height elementor-section-boxed elementor-section-height-default elementor-section-items-middle\" data-id=\"38cf418f\" data-element_type=\"section\" data-e-type=\"section\">\n\t\t\t\t\t\t<div class=\"elementor-container elementor-column-gap-default\">\n\t\t\t\t\t<div class=\"elementor-column elementor-col-100 elementor-top-column elementor-element elementor-element-58ea4647\" data-id=\"58ea4647\" data-element_type=\"column\" data-e-type=\"column\">\n\t\t\t<div class=\"elementor-widget-wrap elementor-element-populated\">\n\t\t\t\t\t\t<div class=\"elementor-element elementor-element-e5d5f53 elementor-widget elementor-widget-spacer\" data-id=\"e5d5f53\" data-element_type=\"widget\" data-e-type=\"widget\" data-widget_type=\"spacer.default\">\n\t\t\t\t\t\t\t<div class=\"elementor-spacer\">\n\t\t\t<div class=\"elementor-spacer-inner\"><\/div>\n\t\t<\/div>\n\t\t\t\t\t\t<\/div>\n\t\t\t\t<div class=\"elementor-element elementor-element-38d9476d elementor-widget elementor-widget-heading\" data-id=\"38d9476d\" data-element_type=\"widget\" data-e-type=\"widget\" data-widget_type=\"heading.default\">\n\t\t\t\t\t<h2 class=\"elementor-heading-title elementor-size-default\">Are you searching for a job where your drive for sustainability is taken advantage of?<\/h2>\t\t\t\t<\/div>\n\t\t\t\t<div class=\"elementor-element elementor-element-789b7606 elementor-widget elementor-widget-text-editor\" data-id=\"789b7606\" data-element_type=\"widget\" data-e-type=\"widget\" data-widget_type=\"text-editor.default\">\n\t\t\t\t\t\t\t\t\t<p>Larger engagement and powerful tools for a sustainable transition of business and society increases the requirements on knowledge and action. In order to cater to the markets\u2019 competence gap, we help our partners and clients by recruiting from our network of driven sustainability talents. Here we, along with our network, specify ourselves in rolls and services within the field of environmental issues and sustainability, no matter educational background.<\/p>\n<p>Join our network by completing an expression of interest or have a look through our current availabilities.<\/p>\t\t\t\t\t\t\t\t<\/div>\n\t\t\t\t<div class=\"elementor-element elementor-element-11d40410 elementor-widget-divider--view-line elementor-widget elementor-widget-divider\" data-id=\"11d40410\" data-element_type=\"widget\" data-e-type=\"widget\" data-widget_type=\"divider.default\">\n\t\t\t\t\t\t\t<div class=\"elementor-divider\">\n\t\t\t<span class=\"elementor-divider-separator\">\n\t\t\t\t\t\t<\/span>\n\t\t<\/div>\n\t\t\t\t\t\t<\/div>\n\t\t\t\t\t<\/div>\n\t\t<\/div>\n\t\t\t\t\t<\/div>\n\t\t<\/section>\n\t\t\t\t<section class=\"elementor-section elementor-top-section elementor-element elementor-element-33ed2d3 elementor-section-height-min-height elementor-section-boxed elementor-section-height-default elementor-section-items-middle\" data-id=\"33ed2d3\" data-element_type=\"section\" data-e-type=\"section\" data-settings=\"{&quot;background_background&quot;:&quot;classic&quot;}\">\n\t\t\t\t\t\t<div class=\"elementor-container elementor-column-gap-default\">\n\t\t\t\t\t<div class=\"elementor-column elementor-col-100 elementor-top-column elementor-element elementor-element-f0cba26\" data-id=\"f0cba26\" data-element_type=\"column\" data-e-type=\"column\">\n\t\t\t<div class=\"elementor-widget-wrap elementor-element-populated\">\n\t\t\t\t\t\t<div class=\"elementor-element elementor-element-104731a elementor-widget elementor-widget-heading\" data-id=\"104731a\" data-element_type=\"widget\" data-e-type=\"widget\" data-widget_type=\"heading.default\">\n\t\t\t\t\t<h2 class=\"elementor-heading-title elementor-size-default\">Can't you find any available external positions that suit you? Feel free to leave a spontaneous application and you will hear from us if something comes up that fits your qualifications. <\/h2>\t\t\t\t<\/div>\n\t\t\t\t<div class=\"elementor-element elementor-element-6713c01 elementor-align-center elementor-widget elementor-widget-button\" data-id=\"6713c01\" data-element_type=\"widget\" data-e-type=\"widget\" data-widget_type=\"button.default\">\n\t\t\t\t\t\t\t\t\t\t<a class=\"elementor-button elementor-button-link elementor-size-sm\" href=\"https:\/\/holohouse.se\/en\/formular-lediga-tjanster\/\">\n\t\t\t\t\t\t<span class=\"elementor-button-content-wrapper\">\n\t\t\t\t\t\t\t\t\t<span class=\"elementor-button-text\">Send a spontaneous application<\/span>\n\t\t\t\t\t<\/span>\n\t\t\t\t\t<\/a>\n\t\t\t\t\t\t\t\t<\/div>\n\t\t\t\t\t<\/div>\n\t\t<\/div>\n\t\t\t\t\t<\/div>\n\t\t<\/section>\n\t\t\t\t<\/div>","protected":false},"excerpt":{"rendered":"<p>S\u00f6ker du jobb d\u00e4r ditt h\u00e5llbarhetsdriv tas tillvara? Ett st\u00f6rre engagemang och kraftfulla verktyg f\u00f6r en h\u00e5llbar omst\u00e4llning av n\u00e4ringsliv och samh\u00e4lle st\u00e4ller h\u00f6gre krav p\u00e5 kunskap och handlingskraft. F\u00f6r att tillgodose arbetsmarknadens kompetensgap hj\u00e4lper vi v\u00e5ra partners och kunder med rekryteringar d\u00e4r vi med v\u00e5rt n\u00e4tverk av drivna h\u00e5llbarhetstalanger specificerat oss p\u00e5 roller och [&hellip;]<\/p>\n","protected":false},"author":1,"featured_media":38,"parent":0,"menu_order":0,"comment_status":"closed","ping_status":"closed","template":"elementor_header_footer","meta":{"_acf_changed":false,"_eb_attr":"","footnotes":""},"class_list":["post-638","page","type-page","status-publish","has-post-thumbnail","hentry"],"acf":[],"yoast_head":"<!-- This site is optimized with the Yoast SEO plugin v27.2 - https:\/\/yoast.com\/product\/yoast-seo-wordpress\/ -->\n<title>Lediga jobb - HoloHouse<\/title>\n<meta name=\"description\" content=\"HoloHouse, tidigare Milj\u00f6bron, \u00e4r en h\u00e5llbarhetsbyr\u00e5 som utvecklar n\u00e4ringslivet till socialt-, ekologiskt- och ekonomiskt h\u00e5llbara aff\u00e4rer.\" \/>\n<meta name=\"robots\" content=\"index, follow, max-snippet:-1, max-image-preview:large, max-video-preview:-1\" \/>\n<link rel=\"canonical\" href=\"https:\/\/holohouse.se\/en\/lediga-jobb\/\" \/>\n<meta property=\"og:locale\" content=\"en_US\" \/>\n<meta property=\"og:type\" content=\"article\" \/>\n<meta property=\"og:title\" content=\"Lediga jobb - HoloHouse\" \/>\n<meta property=\"og:description\" content=\"HoloHouse, tidigare Milj\u00f6bron, \u00e4r en h\u00e5llbarhetsbyr\u00e5 som utvecklar n\u00e4ringslivet till socialt-, ekologiskt- och ekonomiskt h\u00e5llbara aff\u00e4rer.\" \/>\n<meta property=\"og:url\" content=\"https:\/\/holohouse.se\/en\/lediga-jobb\/\" \/>\n<meta property=\"og:site_name\" content=\"HoloHouse\" \/>\n<meta property=\"article:publisher\" content=\"https:\/\/www.facebook.com\/holohouse.sustainability\/\" \/>\n<meta property=\"article:modified_time\" content=\"2025-10-14T08:47:13+00:00\" \/>\n<meta name=\"twitter:card\" content=\"summary_large_image\" \/>\n<meta name=\"twitter:label1\" content=\"Est. reading time\" \/>\n\t<meta name=\"twitter:data1\" content=\"2 minutes\" \/>\n<script type=\"application\/ld+json\" class=\"yoast-schema-graph\">{\"@context\":\"https:\/\/schema.org\",\"@graph\":[{\"@type\":\"WebPage\",\"@id\":\"https:\/\/holohouse.se\/lediga-jobb\/\",\"url\":\"https:\/\/holohouse.se\/lediga-jobb\/\",\"name\":\"Lediga jobb - HoloHouse\",\"isPartOf\":{\"@id\":\"https:\/\/holohouse.se\/#website\"},\"primaryImageOfPage\":{\"@id\":\"https:\/\/holohouse.se\/lediga-jobb\/#primaryimage\"},\"image\":{\"@id\":\"https:\/\/holohouse.se\/lediga-jobb\/#primaryimage\"},\"thumbnailUrl\":\"https:\/\/holohouse.se\/wp-content\/uploads\/2022\/05\/Vector-Holohouse-logo-Favicon.svg\",\"datePublished\":\"2022-05-05T13:22:30+00:00\",\"dateModified\":\"2025-10-14T08:47:13+00:00\",\"description\":\"HoloHouse, tidigare Milj\u00f6bron, \u00e4r en h\u00e5llbarhetsbyr\u00e5 som utvecklar n\u00e4ringslivet till socialt-, ekologiskt- och ekonomiskt h\u00e5llbara aff\u00e4rer.\",\"breadcrumb\":{\"@id\":\"https:\/\/holohouse.se\/lediga-jobb\/#breadcrumb\"},\"inLanguage\":\"en-US\",\"potentialAction\":[{\"@type\":\"ReadAction\",\"target\":[\"https:\/\/holohouse.se\/lediga-jobb\/\"]}]},{\"@type\":\"ImageObject\",\"inLanguage\":\"en-US\",\"@id\":\"https:\/\/holohouse.se\/lediga-jobb\/#primaryimage\",\"url\":\"https:\/\/holohouse.se\/wp-content\/uploads\/2022\/05\/Vector-Holohouse-logo-Favicon.svg\",\"contentUrl\":\"https:\/\/holohouse.se\/wp-content\/uploads\/2022\/05\/Vector-Holohouse-logo-Favicon.svg\",\"caption\":\"Holohouse\"},{\"@type\":\"BreadcrumbList\",\"@id\":\"https:\/\/holohouse.se\/lediga-jobb\/#breadcrumb\",\"itemListElement\":[{\"@type\":\"ListItem\",\"position\":1,\"name\":\"Home\",\"item\":\"https:\/\/holohouse.se\/\"},{\"@type\":\"ListItem\",\"position\":2,\"name\":\"Lediga jobb\"}]},{\"@type\":\"WebSite\",\"@id\":\"https:\/\/holohouse.se\/#website\",\"url\":\"https:\/\/holohouse.se\/\",\"name\":\"HoloHouse\",\"description\":\"We work with Sustainability\",\"publisher\":{\"@id\":\"https:\/\/holohouse.se\/#organization\"},\"potentialAction\":[{\"@type\":\"SearchAction\",\"target\":{\"@type\":\"EntryPoint\",\"urlTemplate\":\"https:\/\/holohouse.se\/?s={search_term_string}\"},\"query-input\":{\"@type\":\"PropertyValueSpecification\",\"valueRequired\":true,\"valueName\":\"search_term_string\"}}],\"inLanguage\":\"en-US\"},{\"@type\":\"Organization\",\"@id\":\"https:\/\/holohouse.se\/#organization\",\"name\":\"Holohouse\",\"url\":\"https:\/\/holohouse.se\/\",\"logo\":{\"@type\":\"ImageObject\",\"inLanguage\":\"en-US\",\"@id\":\"https:\/\/holohouse.se\/#\/schema\/logo\/image\/\",\"url\":\"https:\/\/holohouse.se\/wp-content\/uploads\/2022\/07\/Holohouse-website.png\",\"contentUrl\":\"https:\/\/holohouse.se\/wp-content\/uploads\/2022\/07\/Holohouse-website.png\",\"width\":1887,\"height\":219,\"caption\":\"Holohouse\"},\"image\":{\"@id\":\"https:\/\/holohouse.se\/#\/schema\/logo\/image\/\"},\"sameAs\":[\"https:\/\/www.facebook.com\/holohouse.sustainability\/\",\"https:\/\/se.linkedin.com\/company\/holohousesustainability\",\"https:\/\/www.instagram.com\/holohouse.se\/\"]}]}<\/script>\n<!-- \/ Yoast SEO plugin. -->","yoast_head_json":{"title":"Lediga jobb - HoloHouse","description":"HoloHouse, tidigare Milj\u00f6bron, \u00e4r en h\u00e5llbarhetsbyr\u00e5 som utvecklar n\u00e4ringslivet till socialt-, ekologiskt- och ekonomiskt h\u00e5llbara aff\u00e4rer.","robots":{"index":"index","follow":"follow","max-snippet":"max-snippet:-1","max-image-preview":"max-image-preview:large","max-video-preview":"max-video-preview:-1"},"canonical":"https:\/\/holohouse.se\/en\/lediga-jobb\/","og_locale":"en_US","og_type":"article","og_title":"Lediga jobb - HoloHouse","og_description":"HoloHouse, tidigare Milj\u00f6bron, \u00e4r en h\u00e5llbarhetsbyr\u00e5 som utvecklar n\u00e4ringslivet till socialt-, ekologiskt- och ekonomiskt h\u00e5llbara aff\u00e4rer.","og_url":"https:\/\/holohouse.se\/en\/lediga-jobb\/","og_site_name":"HoloHouse","article_publisher":"https:\/\/www.facebook.com\/holohouse.sustainability\/","article_modified_time":"2025-10-14T08:47:13+00:00","twitter_card":"summary_large_image","twitter_misc":{"Est. reading time":"2 minutes"},"schema":{"@context":"https:\/\/schema.org","@graph":[{"@type":"WebPage","@id":"https:\/\/holohouse.se\/lediga-jobb\/","url":"https:\/\/holohouse.se\/lediga-jobb\/","name":"Lediga jobb - HoloHouse","isPartOf":{"@id":"https:\/\/holohouse.se\/#website"},"primaryImageOfPage":{"@id":"https:\/\/holohouse.se\/lediga-jobb\/#primaryimage"},"image":{"@id":"https:\/\/holohouse.se\/lediga-jobb\/#primaryimage"},"thumbnailUrl":"https:\/\/holohouse.se\/wp-content\/uploads\/2022\/05\/Vector-Holohouse-logo-Favicon.svg","datePublished":"2022-05-05T13:22:30+00:00","dateModified":"2025-10-14T08:47:13+00:00","description":"HoloHouse, tidigare Milj\u00f6bron, \u00e4r en h\u00e5llbarhetsbyr\u00e5 som utvecklar n\u00e4ringslivet till socialt-, ekologiskt- och ekonomiskt h\u00e5llbara aff\u00e4rer.","breadcrumb":{"@id":"https:\/\/holohouse.se\/lediga-jobb\/#breadcrumb"},"inLanguage":"en-US","potentialAction":[{"@type":"ReadAction","target":["https:\/\/holohouse.se\/lediga-jobb\/"]}]},{"@type":"ImageObject","inLanguage":"en-US","@id":"https:\/\/holohouse.se\/lediga-jobb\/#primaryimage","url":"https:\/\/holohouse.se\/wp-content\/uploads\/2022\/05\/Vector-Holohouse-logo-Favicon.svg","contentUrl":"https:\/\/holohouse.se\/wp-content\/uploads\/2022\/05\/Vector-Holohouse-logo-Favicon.svg","caption":"Holohouse"},{"@type":"BreadcrumbList","@id":"https:\/\/holohouse.se\/lediga-jobb\/#breadcrumb","itemListElement":[{"@type":"ListItem","position":1,"name":"Home","item":"https:\/\/holohouse.se\/"},{"@type":"ListItem","position":2,"name":"Lediga jobb"}]},{"@type":"WebSite","@id":"https:\/\/holohouse.se\/#website","url":"https:\/\/holohouse.se\/","name":"HoloHouse","description":"We work with Sustainability","publisher":{"@id":"https:\/\/holohouse.se\/#organization"},"potentialAction":[{"@type":"SearchAction","target":{"@type":"EntryPoint","urlTemplate":"https:\/\/holohouse.se\/?s={search_term_string}"},"query-input":{"@type":"PropertyValueSpecification","valueRequired":true,"valueName":"search_term_string"}}],"inLanguage":"en-US"},{"@type":"Organization","@id":"https:\/\/holohouse.se\/#organization","name":"Holohouse","url":"https:\/\/holohouse.se\/","logo":{"@type":"ImageObject","inLanguage":"en-US","@id":"https:\/\/holohouse.se\/#\/schema\/logo\/image\/","url":"https:\/\/holohouse.se\/wp-content\/uploads\/2022\/07\/Holohouse-website.png","contentUrl":"https:\/\/holohouse.se\/wp-content\/uploads\/2022\/07\/Holohouse-website.png","width":1887,"height":219,"caption":"Holohouse"},"image":{"@id":"https:\/\/holohouse.se\/#\/schema\/logo\/image\/"},"sameAs":["https:\/\/www.facebook.com\/holohouse.sustainability\/","https:\/\/se.linkedin.com\/company\/holohousesustainability","https:\/\/www.instagram.com\/holohouse.se\/"]}]}},"_links":{"self":[{"href":"https:\/\/holohouse.se\/en\/wp-json\/wp\/v2\/pages\/638","targetHints":{"allow":["GET"]}}],"collection":[{"href":"https:\/\/holohouse.se\/en\/wp-json\/wp\/v2\/pages"}],"about":[{"href":"https:\/\/holohouse.se\/en\/wp-json\/wp\/v2\/types\/page"}],"author":[{"embeddable":true,"href":"https:\/\/holohouse.se\/en\/wp-json\/wp\/v2\/users\/1"}],"replies":[{"embeddable":true,"href":"https:\/\/holohouse.se\/en\/wp-json\/wp\/v2\/comments?post=638"}],"version-history":[{"count":48,"href":"https:\/\/holohouse.se\/en\/wp-json\/wp\/v2\/pages\/638\/revisions"}],"predecessor-version":[{"id":10155,"href":"https:\/\/holohouse.se\/en\/wp-json\/wp\/v2\/pages\/638\/revisions\/10155"}],"wp:featuredmedia":[{"embeddable":true,"href":"https:\/\/holohouse.se\/en\/wp-json\/wp\/v2\/media\/38"}],"wp:attachment":[{"href":"https:\/\/holohouse.se\/en\/wp-json\/wp\/v2\/media?parent=638"}],"curies":[{"name":"wp","href":"https:\/\/api.w.org\/{rel}","templated":true}]}}