{"id":633,"date":"2022-05-05T13:21:37","date_gmt":"2022-05-05T13:21:37","guid":{"rendered":"https:\/\/holohouse.se\/?page_id=633"},"modified":"2023-02-13T08:08:28","modified_gmt":"2023-02-13T08:08:28","slug":"lediga-jobb-3","status":"publish","type":"page","link":"https:\/\/holohouse.se\/en\/lediga-jobb-3\/","title":{"rendered":"Available jobs"},"content":{"rendered":"","protected":false},"excerpt":{"rendered":"","protected":false},"author":1,"featured_media":38,"parent":0,"menu_order":0,"comment_status":"closed","ping_status":"closed","template":"","meta":{"_acf_changed":false,"_eb_attr":"","footnotes":""},"class_list":["post-633","page","type-page","status-publish","has-post-thumbnail","hentry"],"acf":[],"yoast_head":"<!-- This site is optimized with the Yoast SEO plugin v27.2 - https:\/\/yoast.com\/product\/yoast-seo-wordpress\/ -->\n<title>Lediga jobb - HoloHouse<\/title>\n<meta name=\"description\" content=\"HoloHouse, tidigare Milj\u00f6bron, \u00e4r en h\u00e5llbarhetsbyr\u00e5 som utvecklar n\u00e4ringslivet till socialt-, ekologiskt- och ekonomiskt h\u00e5llbara aff\u00e4rer.\" \/>\n<meta name=\"robots\" content=\"index, follow, max-snippet:-1, max-image-preview:large, max-video-preview:-1\" \/>\n<link rel=\"canonical\" href=\"https:\/\/holohouse.se\/en\/lediga-jobb-3\/\" \/>\n<meta property=\"og:locale\" content=\"en_US\" \/>\n<meta property=\"og:type\" content=\"article\" \/>\n<meta property=\"og:title\" content=\"Lediga jobb - HoloHouse\" \/>\n<meta property=\"og:description\" content=\"HoloHouse, tidigare Milj\u00f6bron, \u00e4r en h\u00e5llbarhetsbyr\u00e5 som utvecklar n\u00e4ringslivet till socialt-, ekologiskt- och ekonomiskt h\u00e5llbara aff\u00e4rer.\" \/>\n<meta property=\"og:url\" content=\"https:\/\/holohouse.se\/en\/lediga-jobb-3\/\" \/>\n<meta property=\"og:site_name\" content=\"HoloHouse\" \/>\n<meta property=\"article:publisher\" content=\"https:\/\/www.facebook.com\/holohouse.sustainability\/\" \/>\n<meta property=\"article:modified_time\" content=\"2023-02-13T08:08:28+00:00\" \/>\n<meta name=\"twitter:card\" content=\"summary_large_image\" \/>\n<script type=\"application\/ld+json\" class=\"yoast-schema-graph\">{\"@context\":\"https:\/\/schema.org\",\"@graph\":[{\"@type\":\"WebPage\",\"@id\":\"https:\/\/holohouse.se\/lediga-jobb-3\/\",\"url\":\"https:\/\/holohouse.se\/lediga-jobb-3\/\",\"name\":\"Lediga jobb - HoloHouse\",\"isPartOf\":{\"@id\":\"https:\/\/holohouse.se\/#website\"},\"primaryImageOfPage\":{\"@id\":\"https:\/\/holohouse.se\/lediga-jobb-3\/#primaryimage\"},\"image\":{\"@id\":\"https:\/\/holohouse.se\/lediga-jobb-3\/#primaryimage\"},\"thumbnailUrl\":\"https:\/\/holohouse.se\/wp-content\/uploads\/2022\/05\/Vector-Holohouse-logo-Favicon.svg\",\"datePublished\":\"2022-05-05T13:21:37+00:00\",\"dateModified\":\"2023-02-13T08:08:28+00:00\",\"description\":\"HoloHouse, tidigare Milj\u00f6bron, \u00e4r en h\u00e5llbarhetsbyr\u00e5 som utvecklar n\u00e4ringslivet till socialt-, ekologiskt- och ekonomiskt h\u00e5llbara aff\u00e4rer.\",\"breadcrumb\":{\"@id\":\"https:\/\/holohouse.se\/lediga-jobb-3\/#breadcrumb\"},\"inLanguage\":\"en-US\",\"potentialAction\":[{\"@type\":\"ReadAction\",\"target\":[\"https:\/\/holohouse.se\/lediga-jobb-3\/\"]}]},{\"@type\":\"ImageObject\",\"inLanguage\":\"en-US\",\"@id\":\"https:\/\/holohouse.se\/lediga-jobb-3\/#primaryimage\",\"url\":\"https:\/\/holohouse.se\/wp-content\/uploads\/2022\/05\/Vector-Holohouse-logo-Favicon.svg\",\"contentUrl\":\"https:\/\/holohouse.se\/wp-content\/uploads\/2022\/05\/Vector-Holohouse-logo-Favicon.svg\",\"caption\":\"Holohouse\"},{\"@type\":\"BreadcrumbList\",\"@id\":\"https:\/\/holohouse.se\/lediga-jobb-3\/#breadcrumb\",\"itemListElement\":[{\"@type\":\"ListItem\",\"position\":1,\"name\":\"Home\",\"item\":\"https:\/\/holohouse.se\/\"},{\"@type\":\"ListItem\",\"position\":2,\"name\":\"Lediga jobb\"}]},{\"@type\":\"WebSite\",\"@id\":\"https:\/\/holohouse.se\/#website\",\"url\":\"https:\/\/holohouse.se\/\",\"name\":\"HoloHouse\",\"description\":\"We work with Sustainability\",\"publisher\":{\"@id\":\"https:\/\/holohouse.se\/#organization\"},\"potentialAction\":[{\"@type\":\"SearchAction\",\"target\":{\"@type\":\"EntryPoint\",\"urlTemplate\":\"https:\/\/holohouse.se\/?s={search_term_string}\"},\"query-input\":{\"@type\":\"PropertyValueSpecification\",\"valueRequired\":true,\"valueName\":\"search_term_string\"}}],\"inLanguage\":\"en-US\"},{\"@type\":\"Organization\",\"@id\":\"https:\/\/holohouse.se\/#organization\",\"name\":\"Holohouse\",\"url\":\"https:\/\/holohouse.se\/\",\"logo\":{\"@type\":\"ImageObject\",\"inLanguage\":\"en-US\",\"@id\":\"https:\/\/holohouse.se\/#\/schema\/logo\/image\/\",\"url\":\"https:\/\/holohouse.se\/wp-content\/uploads\/2022\/07\/Holohouse-website.png\",\"contentUrl\":\"https:\/\/holohouse.se\/wp-content\/uploads\/2022\/07\/Holohouse-website.png\",\"width\":1887,\"height\":219,\"caption\":\"Holohouse\"},\"image\":{\"@id\":\"https:\/\/holohouse.se\/#\/schema\/logo\/image\/\"},\"sameAs\":[\"https:\/\/www.facebook.com\/holohouse.sustainability\/\",\"https:\/\/se.linkedin.com\/company\/holohousesustainability\",\"https:\/\/www.instagram.com\/holohouse.se\/\"]}]}<\/script>\n<!-- \/ Yoast SEO plugin. -->","yoast_head_json":{"title":"Lediga jobb - HoloHouse","description":"HoloHouse, tidigare Milj\u00f6bron, \u00e4r en h\u00e5llbarhetsbyr\u00e5 som utvecklar n\u00e4ringslivet till socialt-, ekologiskt- och ekonomiskt h\u00e5llbara aff\u00e4rer.","robots":{"index":"index","follow":"follow","max-snippet":"max-snippet:-1","max-image-preview":"max-image-preview:large","max-video-preview":"max-video-preview:-1"},"canonical":"https:\/\/holohouse.se\/en\/lediga-jobb-3\/","og_locale":"en_US","og_type":"article","og_title":"Lediga jobb - HoloHouse","og_description":"HoloHouse, tidigare Milj\u00f6bron, \u00e4r en h\u00e5llbarhetsbyr\u00e5 som utvecklar n\u00e4ringslivet till socialt-, ekologiskt- och ekonomiskt h\u00e5llbara aff\u00e4rer.","og_url":"https:\/\/holohouse.se\/en\/lediga-jobb-3\/","og_site_name":"HoloHouse","article_publisher":"https:\/\/www.facebook.com\/holohouse.sustainability\/","article_modified_time":"2023-02-13T08:08:28+00:00","twitter_card":"summary_large_image","schema":{"@context":"https:\/\/schema.org","@graph":[{"@type":"WebPage","@id":"https:\/\/holohouse.se\/lediga-jobb-3\/","url":"https:\/\/holohouse.se\/lediga-jobb-3\/","name":"Lediga jobb - HoloHouse","isPartOf":{"@id":"https:\/\/holohouse.se\/#website"},"primaryImageOfPage":{"@id":"https:\/\/holohouse.se\/lediga-jobb-3\/#primaryimage"},"image":{"@id":"https:\/\/holohouse.se\/lediga-jobb-3\/#primaryimage"},"thumbnailUrl":"https:\/\/holohouse.se\/wp-content\/uploads\/2022\/05\/Vector-Holohouse-logo-Favicon.svg","datePublished":"2022-05-05T13:21:37+00:00","dateModified":"2023-02-13T08:08:28+00:00","description":"HoloHouse, tidigare Milj\u00f6bron, \u00e4r en h\u00e5llbarhetsbyr\u00e5 som utvecklar n\u00e4ringslivet till socialt-, ekologiskt- och ekonomiskt h\u00e5llbara aff\u00e4rer.","breadcrumb":{"@id":"https:\/\/holohouse.se\/lediga-jobb-3\/#breadcrumb"},"inLanguage":"en-US","potentialAction":[{"@type":"ReadAction","target":["https:\/\/holohouse.se\/lediga-jobb-3\/"]}]},{"@type":"ImageObject","inLanguage":"en-US","@id":"https:\/\/holohouse.se\/lediga-jobb-3\/#primaryimage","url":"https:\/\/holohouse.se\/wp-content\/uploads\/2022\/05\/Vector-Holohouse-logo-Favicon.svg","contentUrl":"https:\/\/holohouse.se\/wp-content\/uploads\/2022\/05\/Vector-Holohouse-logo-Favicon.svg","caption":"Holohouse"},{"@type":"BreadcrumbList","@id":"https:\/\/holohouse.se\/lediga-jobb-3\/#breadcrumb","itemListElement":[{"@type":"ListItem","position":1,"name":"Home","item":"https:\/\/holohouse.se\/"},{"@type":"ListItem","position":2,"name":"Lediga jobb"}]},{"@type":"WebSite","@id":"https:\/\/holohouse.se\/#website","url":"https:\/\/holohouse.se\/","name":"HoloHouse","description":"We work with Sustainability","publisher":{"@id":"https:\/\/holohouse.se\/#organization"},"potentialAction":[{"@type":"SearchAction","target":{"@type":"EntryPoint","urlTemplate":"https:\/\/holohouse.se\/?s={search_term_string}"},"query-input":{"@type":"PropertyValueSpecification","valueRequired":true,"valueName":"search_term_string"}}],"inLanguage":"en-US"},{"@type":"Organization","@id":"https:\/\/holohouse.se\/#organization","name":"Holohouse","url":"https:\/\/holohouse.se\/","logo":{"@type":"ImageObject","inLanguage":"en-US","@id":"https:\/\/holohouse.se\/#\/schema\/logo\/image\/","url":"https:\/\/holohouse.se\/wp-content\/uploads\/2022\/07\/Holohouse-website.png","contentUrl":"https:\/\/holohouse.se\/wp-content\/uploads\/2022\/07\/Holohouse-website.png","width":1887,"height":219,"caption":"Holohouse"},"image":{"@id":"https:\/\/holohouse.se\/#\/schema\/logo\/image\/"},"sameAs":["https:\/\/www.facebook.com\/holohouse.sustainability\/","https:\/\/se.linkedin.com\/company\/holohousesustainability","https:\/\/www.instagram.com\/holohouse.se\/"]}]}},"_links":{"self":[{"href":"https:\/\/holohouse.se\/en\/wp-json\/wp\/v2\/pages\/633","targetHints":{"allow":["GET"]}}],"collection":[{"href":"https:\/\/holohouse.se\/en\/wp-json\/wp\/v2\/pages"}],"about":[{"href":"https:\/\/holohouse.se\/en\/wp-json\/wp\/v2\/types\/page"}],"author":[{"embeddable":true,"href":"https:\/\/holohouse.se\/en\/wp-json\/wp\/v2\/users\/1"}],"replies":[{"embeddable":true,"href":"https:\/\/holohouse.se\/en\/wp-json\/wp\/v2\/comments?post=633"}],"version-history":[{"count":1,"href":"https:\/\/holohouse.se\/en\/wp-json\/wp\/v2\/pages\/633\/revisions"}],"predecessor-version":[{"id":634,"href":"https:\/\/holohouse.se\/en\/wp-json\/wp\/v2\/pages\/633\/revisions\/634"}],"wp:featuredmedia":[{"embeddable":true,"href":"https:\/\/holohouse.se\/en\/wp-json\/wp\/v2\/media\/38"}],"wp:attachment":[{"href":"https:\/\/holohouse.se\/en\/wp-json\/wp\/v2\/media?parent=633"}],"curies":[{"name":"wp","href":"https:\/\/api.w.org\/{rel}","templated":true}]}}