{"id":626,"date":"2022-05-05T13:20:28","date_gmt":"2022-05-05T13:20:28","guid":{"rendered":"https:\/\/holohouse.se\/?page_id=626"},"modified":"2026-04-07T09:14:31","modified_gmt":"2026-04-07T09:14:31","slug":"fallstudier","status":"publish","type":"page","link":"https:\/\/holohouse.se\/en\/fallstudier\/","title":{"rendered":"Case studies"},"content":{"rendered":"<div data-elementor-type=\"wp-page\" data-elementor-id=\"626\" class=\"elementor elementor-626\" data-elementor-post-type=\"page\">\n\t\t\t\t\t\t<section class=\"elementor-section elementor-top-section elementor-element elementor-element-605f7c30 elementor-section-boxed elementor-section-height-default elementor-section-height-default\" data-id=\"605f7c30\" data-element_type=\"section\" data-e-type=\"section\">\n\t\t\t\t\t\t<div class=\"elementor-container elementor-column-gap-default\">\n\t\t\t\t\t<div class=\"elementor-column elementor-col-100 elementor-top-column elementor-element elementor-element-3b583bbe\" data-id=\"3b583bbe\" data-element_type=\"column\" data-e-type=\"column\">\n\t\t\t<div class=\"elementor-widget-wrap elementor-element-populated\">\n\t\t\t\t\t\t<div class=\"elementor-element elementor-element-1d037682 elementor-widget elementor-widget-heading\" data-id=\"1d037682\" data-element_type=\"widget\" data-e-type=\"widget\" data-widget_type=\"heading.default\">\n\t\t\t\t\t<h2 class=\"elementor-heading-title elementor-size-default\">Case studies<\/h2>\t\t\t\t<\/div>\n\t\t\t\t\t<\/div>\n\t\t<\/div>\n\t\t\t\t\t<\/div>\n\t\t<\/section>\n\t\t\t\t<section class=\"elementor-section elementor-top-section elementor-element elementor-element-7f5b2e4a elementor-section-boxed elementor-section-height-default elementor-section-height-default\" data-id=\"7f5b2e4a\" data-element_type=\"section\" data-e-type=\"section\">\n\t\t\t\t\t\t<div class=\"elementor-container elementor-column-gap-default\">\n\t\t\t\t\t<div class=\"elementor-column elementor-col-100 elementor-top-column elementor-element elementor-element-1f7d0b6e\" data-id=\"1f7d0b6e\" data-element_type=\"column\" data-e-type=\"column\">\n\t\t\t<div class=\"elementor-widget-wrap elementor-element-populated\">\n\t\t\t\t\t\t<div class=\"elementor-element elementor-element-5baf9a49 elementor-grid-4 elementor-grid-tablet-2 elementor-grid-mobile-1 elementor-posts--thumbnail-top elementor-widget elementor-widget-posts\" data-id=\"5baf9a49\" data-element_type=\"widget\" data-e-type=\"widget\" data-settings=\"{&quot;classic_columns&quot;:&quot;4&quot;,&quot;classic_columns_tablet&quot;:&quot;2&quot;,&quot;classic_columns_mobile&quot;:&quot;1&quot;,&quot;classic_row_gap&quot;:{&quot;unit&quot;:&quot;px&quot;,&quot;size&quot;:35,&quot;sizes&quot;:[]},&quot;classic_row_gap_laptop&quot;:{&quot;unit&quot;:&quot;px&quot;,&quot;size&quot;:&quot;&quot;,&quot;sizes&quot;:[]},&quot;classic_row_gap_tablet_extra&quot;:{&quot;unit&quot;:&quot;px&quot;,&quot;size&quot;:&quot;&quot;,&quot;sizes&quot;:[]},&quot;classic_row_gap_tablet&quot;:{&quot;unit&quot;:&quot;px&quot;,&quot;size&quot;:&quot;&quot;,&quot;sizes&quot;:[]},&quot;classic_row_gap_mobile&quot;:{&quot;unit&quot;:&quot;px&quot;,&quot;size&quot;:&quot;&quot;,&quot;sizes&quot;:[]}}\" data-widget_type=\"posts.classic\">\n\t\t\t\t<div class=\"elementor-widget-container\">\n\t\t\t\t\t\t\t<div class=\"elementor-posts-container elementor-posts elementor-posts--skin-classic elementor-grid\">\n\t\t\t\t<article class=\"elementor-post elementor-grid-item post-8424 post type-post status-publish format-standard has-post-thumbnail hentry category-case tag-case\">\n\t\t\t\t<a class=\"elementor-post__thumbnail__link\" href=\"https:\/\/holohouse.se\/en\/2024\/04\/25\/fran-praktik-till-sommarjobb-pa-familjebostader\/\" tabindex=\"-1\" target=\"&quot;_blank&quot;\">\n\t\t\t<div class=\"elementor-post__thumbnail\"><img fetchpriority=\"high\" decoding=\"async\" width=\"768\" height=\"735\" src=\"https:\/\/holohouse.se\/wp-content\/uploads\/2024\/04\/thumbnail_nora_jonhall-e1714051489787-768x735.jpg\" class=\"attachment-medium_large size-medium_large wp-image-8427\" alt=\"\" srcset=\"https:\/\/holohouse.se\/wp-content\/uploads\/2024\/04\/thumbnail_nora_jonhall-e1714051489787-768x735.jpg 768w, https:\/\/holohouse.se\/wp-content\/uploads\/2024\/04\/thumbnail_nora_jonhall-e1714051489787-300x287.jpg 300w, https:\/\/holohouse.se\/wp-content\/uploads\/2024\/04\/thumbnail_nora_jonhall-e1714051489787-1024x980.jpg 1024w, https:\/\/holohouse.se\/wp-content\/uploads\/2024\/04\/thumbnail_nora_jonhall-e1714051489787-1536x1471.jpg 1536w, https:\/\/holohouse.se\/wp-content\/uploads\/2024\/04\/thumbnail_nora_jonhall-e1714051489787-13x12.jpg 13w, https:\/\/holohouse.se\/wp-content\/uploads\/2024\/04\/thumbnail_nora_jonhall-e1714051489787.jpg 1575w\" sizes=\"(max-width: 768px) 100vw, 768px\" \/><\/div>\n\t\t<\/a>\n\t\t\t\t<div class=\"elementor-post__text\">\n\t\t\t\t<h3 class=\"elementor-post__title\">\n\t\t\t<a href=\"https:\/\/holohouse.se\/en\/2024\/04\/25\/fran-praktik-till-sommarjobb-pa-familjebostader\/\" target=\"&quot;_blank&quot;\">\n\t\t\t\tFrom internship to summer job at Familjebost\u00e4der\t\t\t<\/a>\n\t\t<\/h3>\n\t\t\t\t<div class=\"elementor-post__meta-data\">\n\t\t\t\t\t<span class=\"elementor-post-date\">\n\t\t\tApril 25, 2024\t\t<\/span>\n\t\t\t\t<\/div>\n\t\t\t\t<div class=\"elementor-post__excerpt\">\n\t\t\t<p>During the spring term 2024, Nora Jonh\u00e4ll did her internship at our partner Familjebost\u00e4der. Everything went quickly from the time Nora contacted us to the time she got the place with them. Then it went well! So good that she got a summer job now after the internship!<\/p>\n\t\t<\/div>\n\t\t\n\t\t<a class=\"elementor-post__read-more\" href=\"https:\/\/holohouse.se\/en\/2024\/04\/25\/fran-praktik-till-sommarjobb-pa-familjebostader\/\" aria-label=\"Read more about Fr\u00e5n praktik till sommarjobb p\u00e5 Familjebost\u00e4der\" tabindex=\"-1\" target=\"_blank\">\n\t\t\tLearn more\t\t<\/a>\n\n\t\t\t\t<\/div>\n\t\t\t\t<\/article>\n\t\t\t\t<article class=\"elementor-post elementor-grid-item post-5567 post type-post status-publish format-standard has-post-thumbnail hentry category-case tag-case tag-hallbarhetsarbete tag-rekrytering\">\n\t\t\t\t<a class=\"elementor-post__thumbnail__link\" href=\"https:\/\/holohouse.se\/en\/2022\/12\/01\/rekryteringen-av-martin-till-where-is-my-pony\/\" tabindex=\"-1\" target=\"&quot;_blank&quot;\">\n\t\t\t<div class=\"elementor-post__thumbnail\"><img decoding=\"async\" width=\"480\" height=\"480\" data-src=\"https:\/\/holohouse.se\/wp-content\/uploads\/2022\/11\/thumbnail_Martin_A.jpeg\" class=\"attachment-medium_large size-medium_large wp-image-5568 lazyload\" alt=\"\" data-srcset=\"https:\/\/holohouse.se\/wp-content\/uploads\/2022\/11\/thumbnail_Martin_A.jpeg 480w, https:\/\/holohouse.se\/wp-content\/uploads\/2022\/11\/thumbnail_Martin_A-300x300.jpeg 300w, https:\/\/holohouse.se\/wp-content\/uploads\/2022\/11\/thumbnail_Martin_A-150x150.jpeg 150w, https:\/\/holohouse.se\/wp-content\/uploads\/2022\/11\/thumbnail_Martin_A-12x12.jpeg 12w\" data-sizes=\"(max-width: 480px) 100vw, 480px\" src=\"data:image\/svg+xml;base64,PHN2ZyB3aWR0aD0iMSIgaGVpZ2h0PSIxIiB4bWxucz0iaHR0cDovL3d3dy53My5vcmcvMjAwMC9zdmciPjwvc3ZnPg==\" style=\"--smush-placeholder-width: 480px; --smush-placeholder-aspect-ratio: 480\/480;\" \/><\/div>\n\t\t<\/a>\n\t\t\t\t<div class=\"elementor-post__text\">\n\t\t\t\t<h3 class=\"elementor-post__title\">\n\t\t\t<a href=\"https:\/\/holohouse.se\/en\/2022\/12\/01\/rekryteringen-av-martin-till-where-is-my-pony\/\" target=\"&quot;_blank&quot;\">\n\t\t\t\tWe Recruited Martin to Where is My Pony\t\t\t<\/a>\n\t\t<\/h3>\n\t\t\t\t<div class=\"elementor-post__meta-data\">\n\t\t\t\t\t<span class=\"elementor-post-date\">\n\t\t\tDecember 1, 2022\t\t<\/span>\n\t\t\t\t<\/div>\n\t\t\t\t<div class=\"elementor-post__excerpt\">\n\t\t\t<p>The sustainability communication agency \"Where is my Pony\" entrusted HoloHouse with the recruitment of a business developer with sustainability knowledge. HoloHouse found the perfect candidate in Martin Alm!<\/p>\n\t\t<\/div>\n\t\t\n\t\t<a class=\"elementor-post__read-more\" href=\"https:\/\/holohouse.se\/en\/2022\/12\/01\/rekryteringen-av-martin-till-where-is-my-pony\/\" aria-label=\"Read more about Rekryteringen av Martin till Where is my pony!\" tabindex=\"-1\" target=\"_blank\">\n\t\t\tLearn more\t\t<\/a>\n\n\t\t\t\t<\/div>\n\t\t\t\t<\/article>\n\t\t\t\t<article class=\"elementor-post elementor-grid-item post-5041 post type-post status-publish format-standard has-post-thumbnail hentry category-case tag-case\">\n\t\t\t\t<a class=\"elementor-post__thumbnail__link\" href=\"https:\/\/holohouse.se\/en\/2022\/09\/16\/holohouse-riggade-hallbarhetsrestaurangen-waste-for-uppskalning\/\" tabindex=\"-1\" target=\"&quot;_blank&quot;\">\n\t\t\t<div class=\"elementor-post__thumbnail\"><img decoding=\"async\" width=\"768\" height=\"801\" data-src=\"https:\/\/holohouse.se\/wp-content\/uploads\/2022\/09\/MicrosoftTeams-image-3-768x801.png\" class=\"attachment-medium_large size-medium_large wp-image-5045 lazyload\" alt=\"\" data-srcset=\"https:\/\/holohouse.se\/wp-content\/uploads\/2022\/09\/MicrosoftTeams-image-3-768x801.png 768w, https:\/\/holohouse.se\/wp-content\/uploads\/2022\/09\/MicrosoftTeams-image-3-288x300.png 288w, https:\/\/holohouse.se\/wp-content\/uploads\/2022\/09\/MicrosoftTeams-image-3-982x1024.png 982w, https:\/\/holohouse.se\/wp-content\/uploads\/2022\/09\/MicrosoftTeams-image-3-12x12.png 12w, https:\/\/holohouse.se\/wp-content\/uploads\/2022\/09\/MicrosoftTeams-image-3.png 1260w\" data-sizes=\"(max-width: 768px) 100vw, 768px\" src=\"data:image\/svg+xml;base64,PHN2ZyB3aWR0aD0iMSIgaGVpZ2h0PSIxIiB4bWxucz0iaHR0cDovL3d3dy53My5vcmcvMjAwMC9zdmciPjwvc3ZnPg==\" style=\"--smush-placeholder-width: 768px; --smush-placeholder-aspect-ratio: 768\/801;\" \/><\/div>\n\t\t<\/a>\n\t\t\t\t<div class=\"elementor-post__text\">\n\t\t\t\t<h3 class=\"elementor-post__title\">\n\t\t\t<a href=\"https:\/\/holohouse.se\/en\/2022\/09\/16\/holohouse-riggade-hallbarhetsrestaurangen-waste-for-uppskalning\/\" target=\"&quot;_blank&quot;\">\n\t\t\t\tHoloHouse Helped Restaurant Waste Scale Up its Sustainable Business Model\t\t\t<\/a>\n\t\t<\/h3>\n\t\t\t\t<div class=\"elementor-post__meta-data\">\n\t\t\t\t\t<span class=\"elementor-post-date\">\n\t\t\tSeptember 16, 2022\t\t<\/span>\n\t\t\t\t<\/div>\n\t\t\t\t<div class=\"elementor-post__excerpt\">\n\t\t\t<p>Restaurant Waste in Gothenburg is unlike most other restaurants. It works intrinsically with sustainability through minimising food waste, through nudging, tasty meals and a time-adapted pricing model.<\/p>\n\t\t<\/div>\n\t\t\n\t\t<a class=\"elementor-post__read-more\" href=\"https:\/\/holohouse.se\/en\/2022\/09\/16\/holohouse-riggade-hallbarhetsrestaurangen-waste-for-uppskalning\/\" aria-label=\"Read more about HoloHouse riggade h\u00e5llbarhetsrestaurangen Waste f\u00f6r uppskalning\" tabindex=\"-1\" target=\"_blank\">\n\t\t\tLearn more\t\t<\/a>\n\n\t\t\t\t<\/div>\n\t\t\t\t<\/article>\n\t\t\t\t<article class=\"elementor-post elementor-grid-item post-3244 post type-post status-publish format-standard has-post-thumbnail hentry category-case tag-case\">\n\t\t\t\t<a class=\"elementor-post__thumbnail__link\" href=\"https:\/\/holohouse.se\/en\/2022\/05\/12\/praktiken-pa-lunamicro-ledde-till-anstallning\/\" tabindex=\"-1\" target=\"&quot;_blank&quot;\">\n\t\t\t<div class=\"elementor-post__thumbnail\"><img decoding=\"async\" width=\"768\" height=\"814\" data-src=\"https:\/\/holohouse.se\/wp-content\/uploads\/2022\/05\/Nanny-thorman-768x814.jpg\" class=\"attachment-medium_large size-medium_large wp-image-3245 lazyload\" alt=\"Holohouse\" data-srcset=\"https:\/\/holohouse.se\/wp-content\/uploads\/2022\/05\/Nanny-thorman-768x814.jpg 768w, https:\/\/holohouse.se\/wp-content\/uploads\/2022\/05\/Nanny-thorman-283x300.jpg 283w, https:\/\/holohouse.se\/wp-content\/uploads\/2022\/05\/Nanny-thorman-966x1024.jpg 966w, https:\/\/holohouse.se\/wp-content\/uploads\/2022\/05\/Nanny-thorman-11x12.jpg 11w, https:\/\/holohouse.se\/wp-content\/uploads\/2022\/05\/Nanny-thorman.jpg 1192w\" data-sizes=\"(max-width: 768px) 100vw, 768px\" src=\"data:image\/svg+xml;base64,PHN2ZyB3aWR0aD0iMSIgaGVpZ2h0PSIxIiB4bWxucz0iaHR0cDovL3d3dy53My5vcmcvMjAwMC9zdmciPjwvc3ZnPg==\" style=\"--smush-placeholder-width: 768px; --smush-placeholder-aspect-ratio: 768\/814;\" \/><\/div>\n\t\t<\/a>\n\t\t\t\t<div class=\"elementor-post__text\">\n\t\t\t\t<h3 class=\"elementor-post__title\">\n\t\t\t<a href=\"https:\/\/holohouse.se\/en\/2022\/05\/12\/praktiken-pa-lunamicro-ledde-till-anstallning\/\" target=\"&quot;_blank&quot;\">\n\t\t\t\tThe Internship at LunaMicro led to Employment\t\t\t<\/a>\n\t\t<\/h3>\n\t\t\t\t<div class=\"elementor-post__meta-data\">\n\t\t\t\t\t<span class=\"elementor-post-date\">\n\t\t\tMay 12, 2022\t\t<\/span>\n\t\t\t\t<\/div>\n\t\t\t\t<div class=\"elementor-post__excerpt\">\n\t\t\t<p>Being honest and open-minded is important at the onset of a new project, states Nanny Thorman. With the help of HoloHouse and LunaMicro new doors and perspectives opended up for Nanny!<\/p>\n\t\t<\/div>\n\t\t\n\t\t<a class=\"elementor-post__read-more\" href=\"https:\/\/holohouse.se\/en\/2022\/05\/12\/praktiken-pa-lunamicro-ledde-till-anstallning\/\" aria-label=\"Read more about Praktiken p\u00e5 LunaMicro ledde till anst\u00e4llning\" tabindex=\"-1\" target=\"_blank\">\n\t\t\tLearn more\t\t<\/a>\n\n\t\t\t\t<\/div>\n\t\t\t\t<\/article>\n\t\t\t\t<article class=\"elementor-post elementor-grid-item post-1295 post type-post status-publish format-standard has-post-thumbnail hentry category-case tag-case\">\n\t\t\t\t<a class=\"elementor-post__thumbnail__link\" href=\"https:\/\/holohouse.se\/en\/2022\/05\/06\/rechallenge-engagerar-studenter-for-aterbruk\/\" tabindex=\"-1\" target=\"&quot;_blank&quot;\">\n\t\t\t<div class=\"elementor-post__thumbnail\"><img decoding=\"async\" width=\"768\" height=\"575\" data-src=\"https:\/\/holohouse.se\/wp-content\/uploads\/2022\/05\/gruppbild-workshop-768x575.jpg\" class=\"attachment-medium_large size-medium_large wp-image-1296 lazyload\" alt=\"Holohouse\" data-srcset=\"https:\/\/holohouse.se\/wp-content\/uploads\/2022\/05\/gruppbild-workshop-768x575.jpg 768w, https:\/\/holohouse.se\/wp-content\/uploads\/2022\/05\/gruppbild-workshop-300x225.jpg 300w, https:\/\/holohouse.se\/wp-content\/uploads\/2022\/05\/gruppbild-workshop-16x12.jpg 16w, https:\/\/holohouse.se\/wp-content\/uploads\/2022\/05\/gruppbild-workshop.jpg 1024w\" data-sizes=\"(max-width: 768px) 100vw, 768px\" src=\"data:image\/svg+xml;base64,PHN2ZyB3aWR0aD0iMSIgaGVpZ2h0PSIxIiB4bWxucz0iaHR0cDovL3d3dy53My5vcmcvMjAwMC9zdmciPjwvc3ZnPg==\" style=\"--smush-placeholder-width: 768px; --smush-placeholder-aspect-ratio: 768\/575;\" \/><\/div>\n\t\t<\/a>\n\t\t\t\t<div class=\"elementor-post__text\">\n\t\t\t\t<h3 class=\"elementor-post__title\">\n\t\t\t<a href=\"https:\/\/holohouse.se\/en\/2022\/05\/06\/rechallenge-engagerar-studenter-for-aterbruk\/\" target=\"&quot;_blank&quot;\">\n\t\t\t\tRe:Challenge Engages Students for Re-Use\t\t\t<\/a>\n\t\t<\/h3>\n\t\t\t\t<div class=\"elementor-post__meta-data\">\n\t\t\t\t\t<span class=\"elementor-post-date\">\n\t\t\tMay 6, 2022\t\t<\/span>\n\t\t\t\t<\/div>\n\t\t\t\t<div class=\"elementor-post__excerpt\">\n\t\t\t<p>This pilot, that was carried out during 2016-2018, included four organisations, 30 students and HoloHouse. The mission was to find ways to make re-use, sharing and recycling and upcycling to a natural element of day-to-day life.<\/p>\n\t\t<\/div>\n\t\t\n\t\t<a class=\"elementor-post__read-more\" href=\"https:\/\/holohouse.se\/en\/2022\/05\/06\/rechallenge-engagerar-studenter-for-aterbruk\/\" aria-label=\"Read more about Re:Challenge engagerar studenter f\u00f6r \u00e5terbruk\" tabindex=\"-1\" target=\"_blank\">\n\t\t\tLearn more\t\t<\/a>\n\n\t\t\t\t<\/div>\n\t\t\t\t<\/article>\n\t\t\t\t<article class=\"elementor-post elementor-grid-item post-4972 post type-post status-publish format-standard has-post-thumbnail hentry category-case tag-case\">\n\t\t\t\t<a class=\"elementor-post__thumbnail__link\" href=\"https:\/\/holohouse.se\/en\/2022\/03\/22\/holohouse-fd-miljobron-stottar-goteborgshotellens-arbete-med-hallbar-omstallning\/\" tabindex=\"-1\" target=\"&quot;_blank&quot;\">\n\t\t\t<div class=\"elementor-post__thumbnail\"><img decoding=\"async\" width=\"768\" height=\"443\" data-src=\"https:\/\/holohouse.se\/wp-content\/uploads\/2022\/09\/hotell-768x443.png\" class=\"attachment-medium_large size-medium_large wp-image-4973 lazyload\" alt=\"\" data-srcset=\"https:\/\/holohouse.se\/wp-content\/uploads\/2022\/09\/hotell-768x443.png 768w, https:\/\/holohouse.se\/wp-content\/uploads\/2022\/09\/hotell-300x173.png 300w, https:\/\/holohouse.se\/wp-content\/uploads\/2022\/09\/hotell-18x10.png 18w, https:\/\/holohouse.se\/wp-content\/uploads\/2022\/09\/hotell.png 971w\" data-sizes=\"(max-width: 768px) 100vw, 768px\" src=\"data:image\/svg+xml;base64,PHN2ZyB3aWR0aD0iMSIgaGVpZ2h0PSIxIiB4bWxucz0iaHR0cDovL3d3dy53My5vcmcvMjAwMC9zdmciPjwvc3ZnPg==\" style=\"--smush-placeholder-width: 768px; --smush-placeholder-aspect-ratio: 768\/443;\" \/><\/div>\n\t\t<\/a>\n\t\t\t\t<div class=\"elementor-post__text\">\n\t\t\t\t<h3 class=\"elementor-post__title\">\n\t\t\t<a href=\"https:\/\/holohouse.se\/en\/2022\/03\/22\/holohouse-fd-miljobron-stottar-goteborgshotellens-arbete-med-hallbar-omstallning\/\" target=\"&quot;_blank&quot;\">\n\t\t\t\tHoloHouse Trains Gothenburg Hotels in Sustainability and Environmental Management Systems\t\t\t<\/a>\n\t\t<\/h3>\n\t\t\t\t<div class=\"elementor-post__meta-data\">\n\t\t\t\t\t<span class=\"elementor-post-date\">\n\t\t\tMarch 22, 2022\t\t<\/span>\n\t\t\t\t<\/div>\n\t\t\t\t<div class=\"elementor-post__excerpt\">\n\t\t\t<p>Sustainability is a big issue for many hotels nowadays. Commissioned by Gothenburg &amp; Co HoloHouse helped a group of hotels in Gothenburg to take steps to introduce environmental management systems and to take a greater responsibility for adverse environmental and sustainability effects.<\/p>\n\t\t<\/div>\n\t\t\n\t\t<a class=\"elementor-post__read-more\" href=\"https:\/\/holohouse.se\/en\/2022\/03\/22\/holohouse-fd-miljobron-stottar-goteborgshotellens-arbete-med-hallbar-omstallning\/\" aria-label=\"Read more about HoloHouse f.d. Milj\u00f6bron st\u00f6ttar G\u00f6teborgshotellens arbete med h\u00e5llbar omst\u00e4llning\" tabindex=\"-1\" target=\"_blank\">\n\t\t\tLearn more\t\t<\/a>\n\n\t\t\t\t<\/div>\n\t\t\t\t<\/article>\n\t\t\t\t<\/div>\n\t\t\n\t\t\t\t\t\t<\/div>\n\t\t\t\t<\/div>\n\t\t\t\t<section class=\"elementor-section elementor-inner-section elementor-element elementor-element-449f5fa4 elementor-section-boxed elementor-section-height-default elementor-section-height-default\" data-id=\"449f5fa4\" data-element_type=\"section\" data-e-type=\"section\">\n\t\t\t\t\t\t<div class=\"elementor-container elementor-column-gap-default\">\n\t\t\t\t\t<div class=\"elementor-column elementor-col-100 elementor-inner-column elementor-element elementor-element-2d891e5f\" data-id=\"2d891e5f\" data-element_type=\"column\" data-e-type=\"column\">\n\t\t\t<div class=\"elementor-widget-wrap\">\n\t\t\t\t\t\t\t<\/div>\n\t\t<\/div>\n\t\t\t\t\t<\/div>\n\t\t<\/section>\n\t\t\t\t\t<\/div>\n\t\t<\/div>\n\t\t\t\t\t<\/div>\n\t\t<\/section>\n\t\t\t\t<\/div>","protected":false},"excerpt":{"rendered":"<p>Case studies<\/p>","protected":false},"author":1,"featured_media":0,"parent":0,"menu_order":0,"comment_status":"closed","ping_status":"closed","template":"elementor_header_footer","meta":{"_acf_changed":false,"_eb_attr":"","footnotes":""},"class_list":["post-626","page","type-page","status-publish","hentry"],"acf":[],"yoast_head":"<!-- This site is optimized with the Yoast SEO plugin v27.2 - https:\/\/yoast.com\/product\/yoast-seo-wordpress\/ -->\n<title>Fallstudier - HoloHouse<\/title>\n<meta name=\"description\" content=\"HoloHouse, tidigare Milj\u00f6bron, \u00e4r en h\u00e5llbarhetsbyr\u00e5 som utvecklar n\u00e4ringslivet till socialt-, ekologiskt- och ekonomiskt h\u00e5llbara aff\u00e4rer.\" \/>\n<meta name=\"robots\" content=\"index, follow, max-snippet:-1, max-image-preview:large, max-video-preview:-1\" \/>\n<link rel=\"canonical\" href=\"https:\/\/holohouse.se\/en\/fallstudier\/\" \/>\n<meta property=\"og:locale\" content=\"en_US\" \/>\n<meta property=\"og:type\" content=\"article\" \/>\n<meta property=\"og:title\" content=\"Fallstudier - HoloHouse\" \/>\n<meta property=\"og:description\" content=\"HoloHouse, tidigare Milj\u00f6bron, \u00e4r en h\u00e5llbarhetsbyr\u00e5 som utvecklar n\u00e4ringslivet till socialt-, ekologiskt- och ekonomiskt h\u00e5llbara aff\u00e4rer.\" \/>\n<meta property=\"og:url\" content=\"https:\/\/holohouse.se\/en\/fallstudier\/\" \/>\n<meta property=\"og:site_name\" content=\"HoloHouse\" \/>\n<meta property=\"article:publisher\" content=\"https:\/\/www.facebook.com\/holohouse.sustainability\/\" \/>\n<meta property=\"article:modified_time\" content=\"2026-04-07T09:14:31+00:00\" \/>\n<meta name=\"twitter:card\" content=\"summary_large_image\" \/>\n<meta name=\"twitter:label1\" content=\"Est. reading time\" \/>\n\t<meta name=\"twitter:data1\" content=\"2 minutes\" \/>\n<script type=\"application\/ld+json\" class=\"yoast-schema-graph\">{\"@context\":\"https:\/\/schema.org\",\"@graph\":[{\"@type\":\"WebPage\",\"@id\":\"https:\/\/holohouse.se\/fallstudier\/\",\"url\":\"https:\/\/holohouse.se\/fallstudier\/\",\"name\":\"Fallstudier - HoloHouse\",\"isPartOf\":{\"@id\":\"https:\/\/holohouse.se\/#website\"},\"datePublished\":\"2022-05-05T13:20:28+00:00\",\"dateModified\":\"2026-04-07T09:14:31+00:00\",\"description\":\"HoloHouse, tidigare Milj\u00f6bron, \u00e4r en h\u00e5llbarhetsbyr\u00e5 som utvecklar n\u00e4ringslivet till socialt-, ekologiskt- och ekonomiskt h\u00e5llbara aff\u00e4rer.\",\"breadcrumb\":{\"@id\":\"https:\/\/holohouse.se\/fallstudier\/#breadcrumb\"},\"inLanguage\":\"en-US\",\"potentialAction\":[{\"@type\":\"ReadAction\",\"target\":[\"https:\/\/holohouse.se\/fallstudier\/\"]}]},{\"@type\":\"BreadcrumbList\",\"@id\":\"https:\/\/holohouse.se\/fallstudier\/#breadcrumb\",\"itemListElement\":[{\"@type\":\"ListItem\",\"position\":1,\"name\":\"Home\",\"item\":\"https:\/\/holohouse.se\/\"},{\"@type\":\"ListItem\",\"position\":2,\"name\":\"Fallstudier\"}]},{\"@type\":\"WebSite\",\"@id\":\"https:\/\/holohouse.se\/#website\",\"url\":\"https:\/\/holohouse.se\/\",\"name\":\"HoloHouse\",\"description\":\"We work with Sustainability\",\"publisher\":{\"@id\":\"https:\/\/holohouse.se\/#organization\"},\"potentialAction\":[{\"@type\":\"SearchAction\",\"target\":{\"@type\":\"EntryPoint\",\"urlTemplate\":\"https:\/\/holohouse.se\/?s={search_term_string}\"},\"query-input\":{\"@type\":\"PropertyValueSpecification\",\"valueRequired\":true,\"valueName\":\"search_term_string\"}}],\"inLanguage\":\"en-US\"},{\"@type\":\"Organization\",\"@id\":\"https:\/\/holohouse.se\/#organization\",\"name\":\"Holohouse\",\"url\":\"https:\/\/holohouse.se\/\",\"logo\":{\"@type\":\"ImageObject\",\"inLanguage\":\"en-US\",\"@id\":\"https:\/\/holohouse.se\/#\/schema\/logo\/image\/\",\"url\":\"https:\/\/holohouse.se\/wp-content\/uploads\/2022\/07\/Holohouse-website.png\",\"contentUrl\":\"https:\/\/holohouse.se\/wp-content\/uploads\/2022\/07\/Holohouse-website.png\",\"width\":1887,\"height\":219,\"caption\":\"Holohouse\"},\"image\":{\"@id\":\"https:\/\/holohouse.se\/#\/schema\/logo\/image\/\"},\"sameAs\":[\"https:\/\/www.facebook.com\/holohouse.sustainability\/\",\"https:\/\/se.linkedin.com\/company\/holohousesustainability\",\"https:\/\/www.instagram.com\/holohouse.se\/\"]}]}<\/script>\n<!-- \/ Yoast SEO plugin. -->","yoast_head_json":{"title":"Fallstudier - HoloHouse","description":"HoloHouse, tidigare Milj\u00f6bron, \u00e4r en h\u00e5llbarhetsbyr\u00e5 som utvecklar n\u00e4ringslivet till socialt-, ekologiskt- och ekonomiskt h\u00e5llbara aff\u00e4rer.","robots":{"index":"index","follow":"follow","max-snippet":"max-snippet:-1","max-image-preview":"max-image-preview:large","max-video-preview":"max-video-preview:-1"},"canonical":"https:\/\/holohouse.se\/en\/fallstudier\/","og_locale":"en_US","og_type":"article","og_title":"Fallstudier - HoloHouse","og_description":"HoloHouse, tidigare Milj\u00f6bron, \u00e4r en h\u00e5llbarhetsbyr\u00e5 som utvecklar n\u00e4ringslivet till socialt-, ekologiskt- och ekonomiskt h\u00e5llbara aff\u00e4rer.","og_url":"https:\/\/holohouse.se\/en\/fallstudier\/","og_site_name":"HoloHouse","article_publisher":"https:\/\/www.facebook.com\/holohouse.sustainability\/","article_modified_time":"2026-04-07T09:14:31+00:00","twitter_card":"summary_large_image","twitter_misc":{"Est. reading time":"2 minutes"},"schema":{"@context":"https:\/\/schema.org","@graph":[{"@type":"WebPage","@id":"https:\/\/holohouse.se\/fallstudier\/","url":"https:\/\/holohouse.se\/fallstudier\/","name":"Fallstudier - HoloHouse","isPartOf":{"@id":"https:\/\/holohouse.se\/#website"},"datePublished":"2022-05-05T13:20:28+00:00","dateModified":"2026-04-07T09:14:31+00:00","description":"HoloHouse, tidigare Milj\u00f6bron, \u00e4r en h\u00e5llbarhetsbyr\u00e5 som utvecklar n\u00e4ringslivet till socialt-, ekologiskt- och ekonomiskt h\u00e5llbara aff\u00e4rer.","breadcrumb":{"@id":"https:\/\/holohouse.se\/fallstudier\/#breadcrumb"},"inLanguage":"en-US","potentialAction":[{"@type":"ReadAction","target":["https:\/\/holohouse.se\/fallstudier\/"]}]},{"@type":"BreadcrumbList","@id":"https:\/\/holohouse.se\/fallstudier\/#breadcrumb","itemListElement":[{"@type":"ListItem","position":1,"name":"Home","item":"https:\/\/holohouse.se\/"},{"@type":"ListItem","position":2,"name":"Fallstudier"}]},{"@type":"WebSite","@id":"https:\/\/holohouse.se\/#website","url":"https:\/\/holohouse.se\/","name":"HoloHouse","description":"We work with Sustainability","publisher":{"@id":"https:\/\/holohouse.se\/#organization"},"potentialAction":[{"@type":"SearchAction","target":{"@type":"EntryPoint","urlTemplate":"https:\/\/holohouse.se\/?s={search_term_string}"},"query-input":{"@type":"PropertyValueSpecification","valueRequired":true,"valueName":"search_term_string"}}],"inLanguage":"en-US"},{"@type":"Organization","@id":"https:\/\/holohouse.se\/#organization","name":"Holohouse","url":"https:\/\/holohouse.se\/","logo":{"@type":"ImageObject","inLanguage":"en-US","@id":"https:\/\/holohouse.se\/#\/schema\/logo\/image\/","url":"https:\/\/holohouse.se\/wp-content\/uploads\/2022\/07\/Holohouse-website.png","contentUrl":"https:\/\/holohouse.se\/wp-content\/uploads\/2022\/07\/Holohouse-website.png","width":1887,"height":219,"caption":"Holohouse"},"image":{"@id":"https:\/\/holohouse.se\/#\/schema\/logo\/image\/"},"sameAs":["https:\/\/www.facebook.com\/holohouse.sustainability\/","https:\/\/se.linkedin.com\/company\/holohousesustainability","https:\/\/www.instagram.com\/holohouse.se\/"]}]}},"_links":{"self":[{"href":"https:\/\/holohouse.se\/en\/wp-json\/wp\/v2\/pages\/626","targetHints":{"allow":["GET"]}}],"collection":[{"href":"https:\/\/holohouse.se\/en\/wp-json\/wp\/v2\/pages"}],"about":[{"href":"https:\/\/holohouse.se\/en\/wp-json\/wp\/v2\/types\/page"}],"author":[{"embeddable":true,"href":"https:\/\/holohouse.se\/en\/wp-json\/wp\/v2\/users\/1"}],"replies":[{"embeddable":true,"href":"https:\/\/holohouse.se\/en\/wp-json\/wp\/v2\/comments?post=626"}],"version-history":[{"count":40,"href":"https:\/\/holohouse.se\/en\/wp-json\/wp\/v2\/pages\/626\/revisions"}],"predecessor-version":[{"id":9507,"href":"https:\/\/holohouse.se\/en\/wp-json\/wp\/v2\/pages\/626\/revisions\/9507"}],"wp:attachment":[{"href":"https:\/\/holohouse.se\/en\/wp-json\/wp\/v2\/media?parent=626"}],"curies":[{"name":"wp","href":"https:\/\/api.w.org\/{rel}","templated":true}]}}