{"id":4588,"date":"2022-08-19T14:47:00","date_gmt":"2022-08-19T14:47:00","guid":{"rendered":"https:\/\/holohouse.se\/?page_id=4588"},"modified":"2026-01-27T09:50:45","modified_gmt":"2026-01-27T09:50:45","slug":"hall-ut","status":"publish","type":"page","link":"https:\/\/holohouse.se\/en\/hall-ut\/","title":{"rendered":"H\u00e5ll ut"},"content":{"rendered":"<div data-elementor-type=\"wp-page\" data-elementor-id=\"4588\" class=\"elementor elementor-4588\" data-elementor-post-type=\"page\">\n\t\t\t\t\t\t<section class=\"elementor-section elementor-top-section elementor-element elementor-element-33fbf07 elementor-section-height-min-height elementor-section-boxed elementor-section-height-default elementor-section-items-middle\" data-id=\"33fbf07\" data-element_type=\"section\" data-e-type=\"section\" data-settings=\"{&quot;background_background&quot;:&quot;classic&quot;}\">\n\t\t\t\t\t\t<div class=\"elementor-container elementor-column-gap-default\">\n\t\t\t\t\t<div class=\"elementor-column elementor-col-100 elementor-top-column elementor-element elementor-element-90a162b\" data-id=\"90a162b\" data-element_type=\"column\" data-e-type=\"column\">\n\t\t\t<div class=\"elementor-widget-wrap elementor-element-populated\">\n\t\t\t\t\t\t<div class=\"elementor-element elementor-element-76b4fba elementor-widget elementor-widget-spacer\" data-id=\"76b4fba\" data-element_type=\"widget\" data-e-type=\"widget\" data-widget_type=\"spacer.default\">\n\t\t\t\t\t\t\t<div class=\"elementor-spacer\">\n\t\t\t<div class=\"elementor-spacer-inner\"><\/div>\n\t\t<\/div>\n\t\t\t\t\t\t<\/div>\n\t\t\t\t<div class=\"elementor-element elementor-element-76aa552 elementor-widget elementor-widget-heading\" data-id=\"76aa552\" data-element_type=\"widget\" data-e-type=\"widget\" data-widget_type=\"heading.default\">\n\t\t\t\t\t<h2 class=\"elementor-heading-title elementor-size-default\">H\u00e5ll ut!<\/h2>\t\t\t\t<\/div>\n\t\t\t\t<div class=\"elementor-element elementor-element-f62905e elementor-widget elementor-widget-heading\" data-id=\"f62905e\" data-element_type=\"widget\" data-e-type=\"widget\" data-widget_type=\"heading.default\">\n\t\t\t\t\t<h2 class=\"elementor-heading-title elementor-size-default\">Briefly about the project 'H\u00e5ll ut!'<\/h2>\t\t\t\t<\/div>\n\t\t\t\t<div class=\"elementor-element elementor-element-8e7b481 elementor-widget elementor-widget-text-editor\" data-id=\"8e7b481\" data-element_type=\"widget\" data-e-type=\"widget\" data-widget_type=\"text-editor.default\">\n\t\t\t\t\t\t\t\t\t<p>H\u00e5ll Ut! 2021 is a project that was co-financed by the Bor\u00e5s region, and during the year it aimed to map the Sjuh\u00e4rad municipalities' sustainability work. The mapping was done through a survey specially designed for the project, which was followed up by in-depth interviews with intensified key people in the municipalities. The results were then compiled in reports and recommendations for each municipality to take further. The year 2021 ended with a joint effort based on the challenges identified during the year. HoloHouse brought together students from different backgrounds to think freely about the challenges presented to come up with exciting joint solutions for the municipalities.<\/p><p>Through extending the H\u00e5ll Ut! project in 2022, the experiences from 2020 and 2021 were woven together to create a toolbox that aims to strengthen the municipalities' work for a more sustainable local economy.<\/p>\t\t\t\t\t\t\t\t<\/div>\n\t\t\t\t<div class=\"elementor-element elementor-element-9c72590 elementor-widget elementor-widget-image\" data-id=\"9c72590\" data-element_type=\"widget\" data-e-type=\"widget\" data-widget_type=\"image.default\">\n\t\t\t\t\t\t\t\t\t\t\t\t\t\t\t\t<a href=\"https:\/\/www.borasregionen.se\/\" target=\"_blank\">\n\t\t\t\t\t\t\t<img fetchpriority=\"high\" decoding=\"async\" width=\"698\" height=\"148\" src=\"https:\/\/holohouse.se\/wp-content\/uploads\/2026\/01\/Borasregionen_Org_RGB.svg\" class=\"attachment-2048x2048 size-2048x2048 wp-image-10208\" alt=\"\" \/>\t\t\t\t\t\t\t\t<\/a>\n\t\t\t\t\t\t\t\t\t\t\t\t\t\t\t<\/div>\n\t\t\t\t\t<\/div>\n\t\t<\/div>\n\t\t\t\t\t<\/div>\n\t\t<\/section>\n\t\t\t\t<section class=\"elementor-section elementor-top-section elementor-element elementor-element-02d5b69 elementor-section-boxed elementor-section-height-default elementor-section-height-default\" data-id=\"02d5b69\" data-element_type=\"section\" data-e-type=\"section\">\n\t\t\t\t\t\t<div class=\"elementor-container elementor-column-gap-default\">\n\t\t\t\t\t<div class=\"elementor-column elementor-col-100 elementor-top-column elementor-element elementor-element-08f98d2\" data-id=\"08f98d2\" data-element_type=\"column\" data-e-type=\"column\">\n\t\t\t<div class=\"elementor-widget-wrap elementor-element-populated\">\n\t\t\t\t\t\t<div class=\"elementor-element elementor-element-4ec4128 elementor-widget elementor-widget-spacer\" data-id=\"4ec4128\" data-element_type=\"widget\" data-e-type=\"widget\" data-widget_type=\"spacer.default\">\n\t\t\t\t\t\t\t<div class=\"elementor-spacer\">\n\t\t\t<div class=\"elementor-spacer-inner\"><\/div>\n\t\t<\/div>\n\t\t\t\t\t\t<\/div>\n\t\t\t\t<div class=\"elementor-element elementor-element-cb63731 elementor-widget elementor-widget-heading\" data-id=\"cb63731\" data-element_type=\"widget\" data-e-type=\"widget\" data-widget_type=\"heading.default\">\n\t\t\t\t\t<h2 class=\"elementor-heading-title elementor-size-default\">Let us help you!<\/h2>\t\t\t\t<\/div>\n\t\t\t\t<div class=\"elementor-element elementor-element-85ab320 elementor-widget elementor-widget-heading\" data-id=\"85ab320\" data-element_type=\"widget\" data-e-type=\"widget\" data-widget_type=\"heading.default\">\n\t\t\t\t\t<h3 class=\"elementor-heading-title elementor-size-default\">GET IN TOUCH WITH US VIA MAIL OR PHONE FOR MORE INFORMATION.<\/h3>\t\t\t\t<\/div>\n\t\t\t\t<section class=\"elementor-section elementor-inner-section elementor-element elementor-element-dd1c092 elementor-section-boxed elementor-section-height-default elementor-section-height-default\" data-id=\"dd1c092\" data-element_type=\"section\" data-e-type=\"section\">\n\t\t\t\t\t\t<div class=\"elementor-container elementor-column-gap-default\">\n\t\t\t\t\t<div class=\"elementor-column elementor-col-50 elementor-inner-column elementor-element elementor-element-05ccfab\" data-id=\"05ccfab\" data-element_type=\"column\" data-e-type=\"column\">\n\t\t\t<div class=\"elementor-widget-wrap elementor-element-populated\">\n\t\t\t\t\t\t<div class=\"elementor-element elementor-element-41d9bf3 elementor-widget elementor-widget-image\" data-id=\"41d9bf3\" data-element_type=\"widget\" data-e-type=\"widget\" data-widget_type=\"image.default\">\n\t\t\t\t\t\t\t\t\t\t\t\t\t\t\t<img decoding=\"async\" width=\"300\" height=\"300\" data-src=\"https:\/\/holohouse.se\/wp-content\/uploads\/2022\/05\/Holohouseportrait.1-21-e1685005578644-300x300.webp\" class=\"attachment-medium size-medium wp-image-2110 lazyload\" alt=\"Holohouse | Marcelo Pino Guerrero\" data-srcset=\"https:\/\/holohouse.se\/wp-content\/uploads\/2022\/05\/Holohouseportrait.1-21-e1685005578644-300x300.webp 300w, https:\/\/holohouse.se\/wp-content\/uploads\/2022\/05\/Holohouseportrait.1-21-e1685005578644-150x150.webp 150w, https:\/\/holohouse.se\/wp-content\/uploads\/2022\/05\/Holohouseportrait.1-21-e1685005578644-12x12.webp 12w, https:\/\/holohouse.se\/wp-content\/uploads\/2022\/05\/Holohouseportrait.1-21-e1685005578644.webp 400w\" data-sizes=\"(max-width: 300px) 100vw, 300px\" src=\"data:image\/svg+xml;base64,PHN2ZyB3aWR0aD0iMSIgaGVpZ2h0PSIxIiB4bWxucz0iaHR0cDovL3d3dy53My5vcmcvMjAwMC9zdmciPjwvc3ZnPg==\" style=\"--smush-placeholder-width: 300px; --smush-placeholder-aspect-ratio: 300\/300;\" \/>\t\t\t\t\t\t\t\t\t\t\t\t\t\t\t<\/div>\n\t\t\t\t\t<\/div>\n\t\t<\/div>\n\t\t\t\t<div class=\"elementor-column elementor-col-50 elementor-inner-column elementor-element elementor-element-a1def9c\" data-id=\"a1def9c\" data-element_type=\"column\" data-e-type=\"column\">\n\t\t\t<div class=\"elementor-widget-wrap elementor-element-populated\">\n\t\t\t\t\t\t<div class=\"elementor-element elementor-element-175ca3e elementor-widget elementor-widget-heading\" data-id=\"175ca3e\" data-element_type=\"widget\" data-e-type=\"widget\" data-widget_type=\"heading.default\">\n\t\t\t\t\t<h2 class=\"elementor-heading-title elementor-size-default\">Marcelo Pino Guerrero<\/h2>\t\t\t\t<\/div>\n\t\t\t\t<div class=\"elementor-element elementor-element-b4d7860 elementor-widget elementor-widget-heading\" data-id=\"b4d7860\" data-element_type=\"widget\" data-e-type=\"widget\" data-widget_type=\"heading.default\">\n\t\t\t\t\t<h2 class=\"elementor-heading-title elementor-size-default\">TF. VD<\/h2>\t\t\t\t<\/div>\n\t\t\t\t<div class=\"elementor-element elementor-element-bc31963 elementor-widget elementor-widget-text-editor\" data-id=\"bc31963\" data-element_type=\"widget\" data-e-type=\"widget\" data-widget_type=\"text-editor.default\">\n\t\t\t\t\t\t\t\t\t<p><a href=\"https:\/\/holohouse.se\/en\/kontakta-oss\/\"><strong>marcelo(at)holohouse.se<\/strong>\u00a0<strong>\u00a0<\/strong><\/a><span style=\"font-weight: bolder;\">+46 (0)726 01 44 05<\/span><\/p><div style=\"align-self: auto; flex: 0 1 auto; order: 0; place-content: normal; align-items: normal; flex-flow: row; gap: normal; --widgets-spacing: 30px 30px; --widgets-spacing-row: 30px; --widgets-spacing-column: 30px; --divider-border-style: solid; --divider-border-width: 1px; --divider-color: #F2F2F2; --divider-icon-size: 20px; --divider-element-spacing: 10px; --divider-pattern-height: 24px; --divider-pattern-size: 20px; --divider-pattern-url: none; --divider-pattern-repeat: repeat-x; width: 1120px; margin-block-end: 30px; margin-bottom: 0px;\" data-id=\"37c54fc\" data-element_type=\"widget\" data-widget_type=\"divider.default\"><div style=\"transition: background 0.3s, border 0.3s, border-radius 0.3s, box-shadow 0.3s, transform 0.4s;\"><div style=\"padding-block: 15px;\">\u00a0<\/div><\/div><\/div>\t\t\t\t\t\t\t\t<\/div>\n\t\t\t\t\t<\/div>\n\t\t<\/div>\n\t\t\t\t\t<\/div>\n\t\t<\/section>\n\t\t\t\t<div class=\"elementor-element elementor-element-0fb3da0 elementor-widget elementor-widget-spacer\" data-id=\"0fb3da0\" data-element_type=\"widget\" data-e-type=\"widget\" data-widget_type=\"spacer.default\">\n\t\t\t\t\t\t\t<div class=\"elementor-spacer\">\n\t\t\t<div class=\"elementor-spacer-inner\"><\/div>\n\t\t<\/div>\n\t\t\t\t\t\t<\/div>\n\t\t\t\t\t<\/div>\n\t\t<\/div>\n\t\t\t\t\t<\/div>\n\t\t<\/section>\n\t\t\t\t<\/div>","protected":false},"excerpt":{"rendered":"<p>H\u00e5ll ut! Kort om projektet &#8221;H\u00e5ll ut!&#8221; H\u00e5ll Ut! 2021 \u00e4r ett projekt som medfinansierades av Bor\u00e5sregionen, och syftade under \u00e5ret till att kartl\u00e4gga Sjuh\u00e4radskommunernas h\u00e5llbarhetsarbete. Kartl\u00e4ggningen skedde genom en f\u00f6r projektet speciellt utformad enk\u00e4tunders\u00f6kning som f\u00f6ljdes upp av djupintervjuer med intensifierade nyckelpersoner p\u00e5 kommunerna. resultatet sammanst\u00e4lldes sedan i rapporter och rekommendationer f\u00f6r varje kommun [&hellip;]<\/p>\n","protected":false},"author":1,"featured_media":4575,"parent":0,"menu_order":0,"comment_status":"closed","ping_status":"closed","template":"elementor_header_footer","meta":{"_acf_changed":false,"_eb_attr":"","footnotes":""},"class_list":["post-4588","page","type-page","status-publish","has-post-thumbnail","hentry"],"acf":[],"yoast_head":"<!-- This site is optimized with the Yoast SEO plugin v27.2 - https:\/\/yoast.com\/product\/yoast-seo-wordpress\/ -->\n<title>H\u00e5ll ut - HoloHouse<\/title>\n<meta name=\"robots\" content=\"index, follow, max-snippet:-1, max-image-preview:large, max-video-preview:-1\" \/>\n<link rel=\"canonical\" href=\"https:\/\/holohouse.se\/en\/hall-ut\/\" \/>\n<meta property=\"og:locale\" content=\"en_US\" \/>\n<meta property=\"og:type\" content=\"article\" \/>\n<meta property=\"og:title\" content=\"H\u00e5ll ut - HoloHouse\" \/>\n<meta property=\"og:description\" content=\"H\u00e5ll ut! Kort om projektet &#8221;H\u00e5ll ut!&#8221; H\u00e5ll Ut! 2021 \u00e4r ett projekt som medfinansierades av Bor\u00e5sregionen, och syftade under \u00e5ret till att kartl\u00e4gga Sjuh\u00e4radskommunernas h\u00e5llbarhetsarbete. Kartl\u00e4ggningen skedde genom en f\u00f6r projektet speciellt utformad enk\u00e4tunders\u00f6kning som f\u00f6ljdes upp av djupintervjuer med intensifierade nyckelpersoner p\u00e5 kommunerna. resultatet sammanst\u00e4lldes sedan i rapporter och rekommendationer f\u00f6r varje kommun [&hellip;]\" \/>\n<meta property=\"og:url\" content=\"https:\/\/holohouse.se\/en\/hall-ut\/\" \/>\n<meta property=\"og:site_name\" content=\"HoloHouse\" \/>\n<meta property=\"article:publisher\" content=\"https:\/\/www.facebook.com\/holohouse.sustainability\/\" \/>\n<meta property=\"article:modified_time\" content=\"2026-01-27T09:50:45+00:00\" \/>\n<meta property=\"og:image\" content=\"https:\/\/holohouse.se\/wp-content\/uploads\/2022\/08\/Untitled-design-2.png\" \/>\n\t<meta property=\"og:image:width\" content=\"1920\" \/>\n\t<meta property=\"og:image:height\" content=\"1080\" \/>\n\t<meta property=\"og:image:type\" content=\"image\/png\" \/>\n<meta name=\"twitter:card\" content=\"summary_large_image\" \/>\n<meta name=\"twitter:label1\" content=\"Est. reading time\" \/>\n\t<meta name=\"twitter:data1\" content=\"2 minutes\" \/>\n<script type=\"application\/ld+json\" class=\"yoast-schema-graph\">{\"@context\":\"https:\/\/schema.org\",\"@graph\":[{\"@type\":\"WebPage\",\"@id\":\"https:\/\/holohouse.se\/hall-ut\/\",\"url\":\"https:\/\/holohouse.se\/hall-ut\/\",\"name\":\"H\u00e5ll ut - HoloHouse\",\"isPartOf\":{\"@id\":\"https:\/\/holohouse.se\/#website\"},\"primaryImageOfPage\":{\"@id\":\"https:\/\/holohouse.se\/hall-ut\/#primaryimage\"},\"image\":{\"@id\":\"https:\/\/holohouse.se\/hall-ut\/#primaryimage\"},\"thumbnailUrl\":\"https:\/\/holohouse.se\/wp-content\/uploads\/2022\/08\/Untitled-design-2.png\",\"datePublished\":\"2022-08-19T14:47:00+00:00\",\"dateModified\":\"2026-01-27T09:50:45+00:00\",\"breadcrumb\":{\"@id\":\"https:\/\/holohouse.se\/hall-ut\/#breadcrumb\"},\"inLanguage\":\"en-US\",\"potentialAction\":[{\"@type\":\"ReadAction\",\"target\":[\"https:\/\/holohouse.se\/hall-ut\/\"]}]},{\"@type\":\"ImageObject\",\"inLanguage\":\"en-US\",\"@id\":\"https:\/\/holohouse.se\/hall-ut\/#primaryimage\",\"url\":\"https:\/\/holohouse.se\/wp-content\/uploads\/2022\/08\/Untitled-design-2.png\",\"contentUrl\":\"https:\/\/holohouse.se\/wp-content\/uploads\/2022\/08\/Untitled-design-2.png\",\"width\":1920,\"height\":1080},{\"@type\":\"BreadcrumbList\",\"@id\":\"https:\/\/holohouse.se\/hall-ut\/#breadcrumb\",\"itemListElement\":[{\"@type\":\"ListItem\",\"position\":1,\"name\":\"Home\",\"item\":\"https:\/\/holohouse.se\/\"},{\"@type\":\"ListItem\",\"position\":2,\"name\":\"H\u00e5ll ut\"}]},{\"@type\":\"WebSite\",\"@id\":\"https:\/\/holohouse.se\/#website\",\"url\":\"https:\/\/holohouse.se\/\",\"name\":\"HoloHouse\",\"description\":\"We work with Sustainability\",\"publisher\":{\"@id\":\"https:\/\/holohouse.se\/#organization\"},\"potentialAction\":[{\"@type\":\"SearchAction\",\"target\":{\"@type\":\"EntryPoint\",\"urlTemplate\":\"https:\/\/holohouse.se\/?s={search_term_string}\"},\"query-input\":{\"@type\":\"PropertyValueSpecification\",\"valueRequired\":true,\"valueName\":\"search_term_string\"}}],\"inLanguage\":\"en-US\"},{\"@type\":\"Organization\",\"@id\":\"https:\/\/holohouse.se\/#organization\",\"name\":\"Holohouse\",\"url\":\"https:\/\/holohouse.se\/\",\"logo\":{\"@type\":\"ImageObject\",\"inLanguage\":\"en-US\",\"@id\":\"https:\/\/holohouse.se\/#\/schema\/logo\/image\/\",\"url\":\"https:\/\/holohouse.se\/wp-content\/uploads\/2022\/07\/Holohouse-website.png\",\"contentUrl\":\"https:\/\/holohouse.se\/wp-content\/uploads\/2022\/07\/Holohouse-website.png\",\"width\":1887,\"height\":219,\"caption\":\"Holohouse\"},\"image\":{\"@id\":\"https:\/\/holohouse.se\/#\/schema\/logo\/image\/\"},\"sameAs\":[\"https:\/\/www.facebook.com\/holohouse.sustainability\/\",\"https:\/\/se.linkedin.com\/company\/holohousesustainability\",\"https:\/\/www.instagram.com\/holohouse.se\/\"]}]}<\/script>\n<!-- \/ Yoast SEO plugin. -->","yoast_head_json":{"title":"H\u00e5ll ut - HoloHouse","robots":{"index":"index","follow":"follow","max-snippet":"max-snippet:-1","max-image-preview":"max-image-preview:large","max-video-preview":"max-video-preview:-1"},"canonical":"https:\/\/holohouse.se\/en\/hall-ut\/","og_locale":"en_US","og_type":"article","og_title":"H\u00e5ll ut - HoloHouse","og_description":"H\u00e5ll ut! Kort om projektet &#8221;H\u00e5ll ut!&#8221; H\u00e5ll Ut! 2021 \u00e4r ett projekt som medfinansierades av Bor\u00e5sregionen, och syftade under \u00e5ret till att kartl\u00e4gga Sjuh\u00e4radskommunernas h\u00e5llbarhetsarbete. Kartl\u00e4ggningen skedde genom en f\u00f6r projektet speciellt utformad enk\u00e4tunders\u00f6kning som f\u00f6ljdes upp av djupintervjuer med intensifierade nyckelpersoner p\u00e5 kommunerna. resultatet sammanst\u00e4lldes sedan i rapporter och rekommendationer f\u00f6r varje kommun [&hellip;]","og_url":"https:\/\/holohouse.se\/en\/hall-ut\/","og_site_name":"HoloHouse","article_publisher":"https:\/\/www.facebook.com\/holohouse.sustainability\/","article_modified_time":"2026-01-27T09:50:45+00:00","og_image":[{"width":1920,"height":1080,"url":"https:\/\/holohouse.se\/wp-content\/uploads\/2022\/08\/Untitled-design-2.png","type":"image\/png"}],"twitter_card":"summary_large_image","twitter_misc":{"Est. reading time":"2 minutes"},"schema":{"@context":"https:\/\/schema.org","@graph":[{"@type":"WebPage","@id":"https:\/\/holohouse.se\/hall-ut\/","url":"https:\/\/holohouse.se\/hall-ut\/","name":"H\u00e5ll ut - HoloHouse","isPartOf":{"@id":"https:\/\/holohouse.se\/#website"},"primaryImageOfPage":{"@id":"https:\/\/holohouse.se\/hall-ut\/#primaryimage"},"image":{"@id":"https:\/\/holohouse.se\/hall-ut\/#primaryimage"},"thumbnailUrl":"https:\/\/holohouse.se\/wp-content\/uploads\/2022\/08\/Untitled-design-2.png","datePublished":"2022-08-19T14:47:00+00:00","dateModified":"2026-01-27T09:50:45+00:00","breadcrumb":{"@id":"https:\/\/holohouse.se\/hall-ut\/#breadcrumb"},"inLanguage":"en-US","potentialAction":[{"@type":"ReadAction","target":["https:\/\/holohouse.se\/hall-ut\/"]}]},{"@type":"ImageObject","inLanguage":"en-US","@id":"https:\/\/holohouse.se\/hall-ut\/#primaryimage","url":"https:\/\/holohouse.se\/wp-content\/uploads\/2022\/08\/Untitled-design-2.png","contentUrl":"https:\/\/holohouse.se\/wp-content\/uploads\/2022\/08\/Untitled-design-2.png","width":1920,"height":1080},{"@type":"BreadcrumbList","@id":"https:\/\/holohouse.se\/hall-ut\/#breadcrumb","itemListElement":[{"@type":"ListItem","position":1,"name":"Home","item":"https:\/\/holohouse.se\/"},{"@type":"ListItem","position":2,"name":"H\u00e5ll ut"}]},{"@type":"WebSite","@id":"https:\/\/holohouse.se\/#website","url":"https:\/\/holohouse.se\/","name":"HoloHouse","description":"We work with Sustainability","publisher":{"@id":"https:\/\/holohouse.se\/#organization"},"potentialAction":[{"@type":"SearchAction","target":{"@type":"EntryPoint","urlTemplate":"https:\/\/holohouse.se\/?s={search_term_string}"},"query-input":{"@type":"PropertyValueSpecification","valueRequired":true,"valueName":"search_term_string"}}],"inLanguage":"en-US"},{"@type":"Organization","@id":"https:\/\/holohouse.se\/#organization","name":"Holohouse","url":"https:\/\/holohouse.se\/","logo":{"@type":"ImageObject","inLanguage":"en-US","@id":"https:\/\/holohouse.se\/#\/schema\/logo\/image\/","url":"https:\/\/holohouse.se\/wp-content\/uploads\/2022\/07\/Holohouse-website.png","contentUrl":"https:\/\/holohouse.se\/wp-content\/uploads\/2022\/07\/Holohouse-website.png","width":1887,"height":219,"caption":"Holohouse"},"image":{"@id":"https:\/\/holohouse.se\/#\/schema\/logo\/image\/"},"sameAs":["https:\/\/www.facebook.com\/holohouse.sustainability\/","https:\/\/se.linkedin.com\/company\/holohousesustainability","https:\/\/www.instagram.com\/holohouse.se\/"]}]}},"_links":{"self":[{"href":"https:\/\/holohouse.se\/en\/wp-json\/wp\/v2\/pages\/4588","targetHints":{"allow":["GET"]}}],"collection":[{"href":"https:\/\/holohouse.se\/en\/wp-json\/wp\/v2\/pages"}],"about":[{"href":"https:\/\/holohouse.se\/en\/wp-json\/wp\/v2\/types\/page"}],"author":[{"embeddable":true,"href":"https:\/\/holohouse.se\/en\/wp-json\/wp\/v2\/users\/1"}],"replies":[{"embeddable":true,"href":"https:\/\/holohouse.se\/en\/wp-json\/wp\/v2\/comments?post=4588"}],"version-history":[{"count":25,"href":"https:\/\/holohouse.se\/en\/wp-json\/wp\/v2\/pages\/4588\/revisions"}],"predecessor-version":[{"id":10231,"href":"https:\/\/holohouse.se\/en\/wp-json\/wp\/v2\/pages\/4588\/revisions\/10231"}],"wp:featuredmedia":[{"embeddable":true,"href":"https:\/\/holohouse.se\/en\/wp-json\/wp\/v2\/media\/4575"}],"wp:attachment":[{"href":"https:\/\/holohouse.se\/en\/wp-json\/wp\/v2\/media?parent=4588"}],"curies":[{"name":"wp","href":"https:\/\/api.w.org\/{rel}","templated":true}]}}