{"id":3749,"date":"2022-07-05T11:12:01","date_gmt":"2022-07-05T11:12:01","guid":{"rendered":"https:\/\/holohouse.se\/?page_id=3749"},"modified":"2025-10-22T06:54:45","modified_gmt":"2025-10-22T06:54:45","slug":"formular-lediga-tjanster","status":"publish","type":"page","link":"https:\/\/holohouse.se\/en\/formular-lediga-tjanster\/","title":{"rendered":"Ans\u00f6kningsformul\u00e4r lediga tj\u00e4nster"},"content":{"rendered":"<div data-elementor-type=\"wp-page\" data-elementor-id=\"3749\" class=\"elementor elementor-3749\" data-elementor-post-type=\"page\">\n\t\t\t\t\t\t<section class=\"elementor-section elementor-top-section elementor-element elementor-element-a36976e elementor-section-boxed elementor-section-height-default elementor-section-height-default\" data-id=\"a36976e\" data-element_type=\"section\" data-e-type=\"section\" data-settings=\"{&quot;background_background&quot;:&quot;classic&quot;}\">\n\t\t\t\t\t\t<div class=\"elementor-container elementor-column-gap-default\">\n\t\t\t\t\t<div class=\"elementor-column elementor-col-100 elementor-top-column elementor-element elementor-element-832f304\" data-id=\"832f304\" data-element_type=\"column\" data-e-type=\"column\">\n\t\t\t<div class=\"elementor-widget-wrap elementor-element-populated\">\n\t\t\t\t\t\t<div class=\"elementor-element elementor-element-6910d41 elementor-widget elementor-widget-heading\" data-id=\"6910d41\" data-element_type=\"widget\" data-e-type=\"widget\" data-widget_type=\"heading.default\">\n\t\t\t\t\t<h2 class=\"elementor-heading-title elementor-size-default\">Ans\u00f6kningsformul\u00e4r lediga tj\u00e4nster <br>&amp; spontanans\u00f6kan<\/h2>\t\t\t\t<\/div>\n\t\t\t\t\t<\/div>\n\t\t<\/div>\n\t\t\t\t\t<\/div>\n\t\t<\/section>\n\t\t\t\t<section class=\"elementor-section elementor-top-section elementor-element elementor-element-cd27ef2 elementor-section-boxed elementor-section-height-default elementor-section-height-default\" data-id=\"cd27ef2\" data-element_type=\"section\" data-e-type=\"section\">\n\t\t\t\t\t\t<div class=\"elementor-container elementor-column-gap-default\">\n\t\t\t\t\t<div class=\"elementor-column elementor-col-100 elementor-top-column elementor-element elementor-element-e802311\" data-id=\"e802311\" data-element_type=\"column\" data-e-type=\"column\">\n\t\t\t<div class=\"elementor-widget-wrap\">\n\t\t\t\t\t\t\t<\/div>\n\t\t<\/div>\n\t\t\t\t\t<\/div>\n\t\t<\/section>\n\t\t\t\t<section class=\"elementor-section elementor-top-section elementor-element elementor-element-296b830 elementor-section-boxed elementor-section-height-default elementor-section-height-default\" data-id=\"296b830\" data-element_type=\"section\" data-e-type=\"section\">\n\t\t\t\t\t\t<div class=\"elementor-container elementor-column-gap-default\">\n\t\t\t\t\t<div class=\"elementor-column elementor-col-100 elementor-top-column elementor-element elementor-element-5ef9ff6\" data-id=\"5ef9ff6\" data-element_type=\"column\" data-e-type=\"column\">\n\t\t\t<div class=\"elementor-widget-wrap elementor-element-populated\">\n\t\t\t\t\t\t<div class=\"elementor-element elementor-element-4ea8a11 elementor-widget elementor-widget-html\" data-id=\"4ea8a11\" data-element_type=\"widget\" data-e-type=\"widget\" data-widget_type=\"html.default\">\n\t\t\t\t\t<!-- BEGIN Podio web form -->\n<script src=\"https:\/\/podio.com\/webforms\/27653394\/2149720.js\"><\/script>\n<script type=\"text\/javascript\">\n  _podioWebForm.render(\"2149720\")\n<\/script>\n<noscript>\n  <a href=\"https:\/\/podio.com\/webforms\/27653394\/2149720\" target=\"_blank\">Fyll i formul\u00e4ret<\/a>\n<\/noscript>\n<!-- END Podio web form -->\n\t\t\t\t<\/div>\n\t\t\t\t\t<\/div>\n\t\t<\/div>\n\t\t\t\t\t<\/div>\n\t\t<\/section>\n\t\t\t\t<\/div>","protected":false},"excerpt":{"rendered":"<p>Ans&ouml;kningsformul&auml;r lediga tj&auml;nster &amp; spontanans&ouml;kan &lt;br \/&gt; &lt;a href=&quot;\/en\/&rdquo;https:\/\/podio.com\/webforms\/27653394\/2149720&Prime;\/&quot; target=&quot;&rdquo;_blank&rdquo;&quot; rel=&quot;&rdquo;noopener&rdquo;&quot;&gt;Fyll i formul&auml;ret&lt;\/a&gt;&lt;br \/&gt;<\/p>","protected":false},"author":3,"featured_media":38,"parent":0,"menu_order":0,"comment_status":"closed","ping_status":"closed","template":"elementor_header_footer","meta":{"_acf_changed":false,"_eb_attr":"","footnotes":""},"class_list":["post-3749","page","type-page","status-publish","has-post-thumbnail","hentry"],"acf":[],"yoast_head":"<!-- This site is optimized with the Yoast SEO plugin v27.2 - https:\/\/yoast.com\/product\/yoast-seo-wordpress\/ -->\n<title>Ans\u00f6kningsformul\u00e4r lediga tj\u00e4nster - HoloHouse<\/title>\n<meta name=\"description\" content=\"Ans\u00f6k om lediga tj\u00e4nster hos HoloHouse genom att fylla i formul\u00e4ret. Ber\u00e4tta om din erfarenhet och kompetens s\u00e5 kontaktar vi dig.\" \/>\n<meta name=\"robots\" content=\"noindex, follow\" \/>\n<meta property=\"og:locale\" content=\"en_US\" \/>\n<meta property=\"og:type\" content=\"article\" \/>\n<meta property=\"og:title\" content=\"Ans\u00f6kningsformul\u00e4r lediga tj\u00e4nster - HoloHouse\" \/>\n<meta property=\"og:description\" content=\"Ans\u00f6k om lediga tj\u00e4nster hos HoloHouse genom att fylla i formul\u00e4ret. Ber\u00e4tta om din erfarenhet och kompetens s\u00e5 kontaktar vi dig.\" \/>\n<meta property=\"og:url\" content=\"https:\/\/holohouse.se\/en\/formular-lediga-tjanster\/\" \/>\n<meta property=\"og:site_name\" content=\"HoloHouse\" \/>\n<meta property=\"article:publisher\" content=\"https:\/\/www.facebook.com\/holohouse.sustainability\/\" \/>\n<meta property=\"article:modified_time\" content=\"2025-10-22T06:54:45+00:00\" \/>\n<meta name=\"twitter:card\" content=\"summary_large_image\" \/>\n<meta name=\"twitter:label1\" content=\"Est. reading time\" \/>\n\t<meta name=\"twitter:data1\" content=\"1 minute\" \/>\n<script type=\"application\/ld+json\" class=\"yoast-schema-graph\">{\"@context\":\"https:\/\/schema.org\",\"@graph\":[{\"@type\":\"WebPage\",\"@id\":\"https:\/\/holohouse.se\/formular-lediga-tjanster\/\",\"url\":\"https:\/\/holohouse.se\/formular-lediga-tjanster\/\",\"name\":\"Ans\u00f6kningsformul\u00e4r lediga tj\u00e4nster - HoloHouse\",\"isPartOf\":{\"@id\":\"https:\/\/holohouse.se\/#website\"},\"primaryImageOfPage\":{\"@id\":\"https:\/\/holohouse.se\/formular-lediga-tjanster\/#primaryimage\"},\"image\":{\"@id\":\"https:\/\/holohouse.se\/formular-lediga-tjanster\/#primaryimage\"},\"thumbnailUrl\":\"https:\/\/holohouse.se\/wp-content\/uploads\/2022\/05\/Vector-Holohouse-logo-Favicon.svg\",\"datePublished\":\"2022-07-05T11:12:01+00:00\",\"dateModified\":\"2025-10-22T06:54:45+00:00\",\"description\":\"Ans\u00f6k om lediga tj\u00e4nster hos HoloHouse genom att fylla i formul\u00e4ret. Ber\u00e4tta om din erfarenhet och kompetens s\u00e5 kontaktar vi dig.\",\"breadcrumb\":{\"@id\":\"https:\/\/holohouse.se\/formular-lediga-tjanster\/#breadcrumb\"},\"inLanguage\":\"en-US\",\"potentialAction\":[{\"@type\":\"ReadAction\",\"target\":[\"https:\/\/holohouse.se\/formular-lediga-tjanster\/\"]}]},{\"@type\":\"ImageObject\",\"inLanguage\":\"en-US\",\"@id\":\"https:\/\/holohouse.se\/formular-lediga-tjanster\/#primaryimage\",\"url\":\"https:\/\/holohouse.se\/wp-content\/uploads\/2022\/05\/Vector-Holohouse-logo-Favicon.svg\",\"contentUrl\":\"https:\/\/holohouse.se\/wp-content\/uploads\/2022\/05\/Vector-Holohouse-logo-Favicon.svg\",\"caption\":\"Holohouse\"},{\"@type\":\"BreadcrumbList\",\"@id\":\"https:\/\/holohouse.se\/formular-lediga-tjanster\/#breadcrumb\",\"itemListElement\":[{\"@type\":\"ListItem\",\"position\":1,\"name\":\"Home\",\"item\":\"https:\/\/holohouse.se\/\"},{\"@type\":\"ListItem\",\"position\":2,\"name\":\"Ans\u00f6kningsformul\u00e4r lediga tj\u00e4nster\"}]},{\"@type\":\"WebSite\",\"@id\":\"https:\/\/holohouse.se\/#website\",\"url\":\"https:\/\/holohouse.se\/\",\"name\":\"HoloHouse\",\"description\":\"We work with Sustainability\",\"publisher\":{\"@id\":\"https:\/\/holohouse.se\/#organization\"},\"potentialAction\":[{\"@type\":\"SearchAction\",\"target\":{\"@type\":\"EntryPoint\",\"urlTemplate\":\"https:\/\/holohouse.se\/?s={search_term_string}\"},\"query-input\":{\"@type\":\"PropertyValueSpecification\",\"valueRequired\":true,\"valueName\":\"search_term_string\"}}],\"inLanguage\":\"en-US\"},{\"@type\":\"Organization\",\"@id\":\"https:\/\/holohouse.se\/#organization\",\"name\":\"Holohouse\",\"url\":\"https:\/\/holohouse.se\/\",\"logo\":{\"@type\":\"ImageObject\",\"inLanguage\":\"en-US\",\"@id\":\"https:\/\/holohouse.se\/#\/schema\/logo\/image\/\",\"url\":\"https:\/\/holohouse.se\/wp-content\/uploads\/2022\/07\/Holohouse-website.png\",\"contentUrl\":\"https:\/\/holohouse.se\/wp-content\/uploads\/2022\/07\/Holohouse-website.png\",\"width\":1887,\"height\":219,\"caption\":\"Holohouse\"},\"image\":{\"@id\":\"https:\/\/holohouse.se\/#\/schema\/logo\/image\/\"},\"sameAs\":[\"https:\/\/www.facebook.com\/holohouse.sustainability\/\",\"https:\/\/se.linkedin.com\/company\/holohousesustainability\",\"https:\/\/www.instagram.com\/holohouse.se\/\"]}]}<\/script>\n<!-- \/ Yoast SEO plugin. -->","yoast_head_json":{"title":"Ans\u00f6kningsformul\u00e4r lediga tj\u00e4nster - HoloHouse","description":"Ans\u00f6k om lediga tj\u00e4nster hos HoloHouse genom att fylla i formul\u00e4ret. Ber\u00e4tta om din erfarenhet och kompetens s\u00e5 kontaktar vi dig.","robots":{"index":"noindex","follow":"follow"},"og_locale":"en_US","og_type":"article","og_title":"Ans\u00f6kningsformul\u00e4r lediga tj\u00e4nster - HoloHouse","og_description":"Ans\u00f6k om lediga tj\u00e4nster hos HoloHouse genom att fylla i formul\u00e4ret. Ber\u00e4tta om din erfarenhet och kompetens s\u00e5 kontaktar vi dig.","og_url":"https:\/\/holohouse.se\/en\/formular-lediga-tjanster\/","og_site_name":"HoloHouse","article_publisher":"https:\/\/www.facebook.com\/holohouse.sustainability\/","article_modified_time":"2025-10-22T06:54:45+00:00","twitter_card":"summary_large_image","twitter_misc":{"Est. reading time":"1 minute"},"schema":{"@context":"https:\/\/schema.org","@graph":[{"@type":"WebPage","@id":"https:\/\/holohouse.se\/formular-lediga-tjanster\/","url":"https:\/\/holohouse.se\/formular-lediga-tjanster\/","name":"Ans\u00f6kningsformul\u00e4r lediga tj\u00e4nster - HoloHouse","isPartOf":{"@id":"https:\/\/holohouse.se\/#website"},"primaryImageOfPage":{"@id":"https:\/\/holohouse.se\/formular-lediga-tjanster\/#primaryimage"},"image":{"@id":"https:\/\/holohouse.se\/formular-lediga-tjanster\/#primaryimage"},"thumbnailUrl":"https:\/\/holohouse.se\/wp-content\/uploads\/2022\/05\/Vector-Holohouse-logo-Favicon.svg","datePublished":"2022-07-05T11:12:01+00:00","dateModified":"2025-10-22T06:54:45+00:00","description":"Ans\u00f6k om lediga tj\u00e4nster hos HoloHouse genom att fylla i formul\u00e4ret. Ber\u00e4tta om din erfarenhet och kompetens s\u00e5 kontaktar vi dig.","breadcrumb":{"@id":"https:\/\/holohouse.se\/formular-lediga-tjanster\/#breadcrumb"},"inLanguage":"en-US","potentialAction":[{"@type":"ReadAction","target":["https:\/\/holohouse.se\/formular-lediga-tjanster\/"]}]},{"@type":"ImageObject","inLanguage":"en-US","@id":"https:\/\/holohouse.se\/formular-lediga-tjanster\/#primaryimage","url":"https:\/\/holohouse.se\/wp-content\/uploads\/2022\/05\/Vector-Holohouse-logo-Favicon.svg","contentUrl":"https:\/\/holohouse.se\/wp-content\/uploads\/2022\/05\/Vector-Holohouse-logo-Favicon.svg","caption":"Holohouse"},{"@type":"BreadcrumbList","@id":"https:\/\/holohouse.se\/formular-lediga-tjanster\/#breadcrumb","itemListElement":[{"@type":"ListItem","position":1,"name":"Home","item":"https:\/\/holohouse.se\/"},{"@type":"ListItem","position":2,"name":"Ans\u00f6kningsformul\u00e4r lediga tj\u00e4nster"}]},{"@type":"WebSite","@id":"https:\/\/holohouse.se\/#website","url":"https:\/\/holohouse.se\/","name":"HoloHouse","description":"We work with Sustainability","publisher":{"@id":"https:\/\/holohouse.se\/#organization"},"potentialAction":[{"@type":"SearchAction","target":{"@type":"EntryPoint","urlTemplate":"https:\/\/holohouse.se\/?s={search_term_string}"},"query-input":{"@type":"PropertyValueSpecification","valueRequired":true,"valueName":"search_term_string"}}],"inLanguage":"en-US"},{"@type":"Organization","@id":"https:\/\/holohouse.se\/#organization","name":"Holohouse","url":"https:\/\/holohouse.se\/","logo":{"@type":"ImageObject","inLanguage":"en-US","@id":"https:\/\/holohouse.se\/#\/schema\/logo\/image\/","url":"https:\/\/holohouse.se\/wp-content\/uploads\/2022\/07\/Holohouse-website.png","contentUrl":"https:\/\/holohouse.se\/wp-content\/uploads\/2022\/07\/Holohouse-website.png","width":1887,"height":219,"caption":"Holohouse"},"image":{"@id":"https:\/\/holohouse.se\/#\/schema\/logo\/image\/"},"sameAs":["https:\/\/www.facebook.com\/holohouse.sustainability\/","https:\/\/se.linkedin.com\/company\/holohousesustainability","https:\/\/www.instagram.com\/holohouse.se\/"]}]}},"_links":{"self":[{"href":"https:\/\/holohouse.se\/en\/wp-json\/wp\/v2\/pages\/3749","targetHints":{"allow":["GET"]}}],"collection":[{"href":"https:\/\/holohouse.se\/en\/wp-json\/wp\/v2\/pages"}],"about":[{"href":"https:\/\/holohouse.se\/en\/wp-json\/wp\/v2\/types\/page"}],"author":[{"embeddable":true,"href":"https:\/\/holohouse.se\/en\/wp-json\/wp\/v2\/users\/3"}],"replies":[{"embeddable":true,"href":"https:\/\/holohouse.se\/en\/wp-json\/wp\/v2\/comments?post=3749"}],"version-history":[{"count":24,"href":"https:\/\/holohouse.se\/en\/wp-json\/wp\/v2\/pages\/3749\/revisions"}],"predecessor-version":[{"id":10188,"href":"https:\/\/holohouse.se\/en\/wp-json\/wp\/v2\/pages\/3749\/revisions\/10188"}],"wp:featuredmedia":[{"embeddable":true,"href":"https:\/\/holohouse.se\/en\/wp-json\/wp\/v2\/media\/38"}],"wp:attachment":[{"href":"https:\/\/holohouse.se\/en\/wp-json\/wp\/v2\/media?parent=3749"}],"curies":[{"name":"wp","href":"https:\/\/api.w.org\/{rel}","templated":true}]}}