{"id":10160,"date":"2025-10-15T14:04:24","date_gmt":"2025-10-15T14:04:24","guid":{"rendered":"https:\/\/holohouse.se\/?page_id=10160"},"modified":"2025-10-22T09:10:16","modified_gmt":"2025-10-22T09:10:16","slug":"avregistrering","status":"publish","type":"page","link":"https:\/\/holohouse.se\/en\/avregistrering\/","title":{"rendered":"Avregistrering"},"content":{"rendered":"<form method=\"post\" style=\"max-width:400px; margin:1em 0;\" action=\"\">\r\n        <p>Ange din e\u2011postadress f\u00f6r att avregistrera dig:<\/p>\r\n        <input type=\"email\" name=\"email\" required style=\"width:100%; padding:0.5em; margin-bottom:0.5em;\" \/>\r\n        <button type=\"submit\" style=\"padding:0.5em 1em;\">Avregistrera<\/button>\r\n    <input type=\"hidden\" name=\"trp-form-language\" value=\"en\"\/><\/form>\r\n    \n\n\n\n<p><\/p>","protected":false},"excerpt":{"rendered":"","protected":false},"author":6,"featured_media":0,"parent":0,"menu_order":0,"comment_status":"closed","ping_status":"closed","template":"","meta":{"_acf_changed":false,"_eb_attr":"","footnotes":""},"class_list":["post-10160","page","type-page","status-publish","hentry"],"acf":[],"yoast_head":"<!-- This site is optimized with the Yoast SEO plugin v27.2 - https:\/\/yoast.com\/product\/yoast-seo-wordpress\/ -->\n<title>Avregistrering - HoloHouse<\/title>\n<meta name=\"description\" content=\"Avregistrera dig fr\u00e5n v\u00e5ra utskick via l\u00e4nken i mejlet eller formul\u00e4ret p\u00e5 sidan. Du f\u00e5r en bekr\u00e4ftelse p\u00e5 din avregistrering.\" \/>\n<meta name=\"robots\" content=\"index, follow, max-snippet:-1, max-image-preview:large, max-video-preview:-1\" \/>\n<link rel=\"canonical\" href=\"https:\/\/holohouse.se\/en\/avregistrering\/\" \/>\n<meta property=\"og:locale\" content=\"en_US\" \/>\n<meta property=\"og:type\" content=\"article\" \/>\n<meta property=\"og:title\" content=\"Avregistrering - HoloHouse\" \/>\n<meta property=\"og:description\" content=\"Avregistrera dig fr\u00e5n v\u00e5ra utskick via l\u00e4nken i mejlet eller formul\u00e4ret p\u00e5 sidan. Du f\u00e5r en bekr\u00e4ftelse p\u00e5 din avregistrering.\" \/>\n<meta property=\"og:url\" content=\"https:\/\/holohouse.se\/en\/avregistrering\/\" \/>\n<meta property=\"og:site_name\" content=\"HoloHouse\" \/>\n<meta property=\"article:publisher\" content=\"https:\/\/www.facebook.com\/holohouse.sustainability\/\" \/>\n<meta property=\"article:modified_time\" content=\"2025-10-22T09:10:16+00:00\" \/>\n<meta name=\"twitter:card\" content=\"summary_large_image\" \/>\n<script type=\"application\/ld+json\" class=\"yoast-schema-graph\">{\"@context\":\"https:\/\/schema.org\",\"@graph\":[{\"@type\":\"WebPage\",\"@id\":\"https:\/\/holohouse.se\/avregistrering\/\",\"url\":\"https:\/\/holohouse.se\/avregistrering\/\",\"name\":\"Avregistrering - HoloHouse\",\"isPartOf\":{\"@id\":\"https:\/\/holohouse.se\/#website\"},\"datePublished\":\"2025-10-15T14:04:24+00:00\",\"dateModified\":\"2025-10-22T09:10:16+00:00\",\"description\":\"Avregistrera dig fr\u00e5n v\u00e5ra utskick via l\u00e4nken i mejlet eller formul\u00e4ret p\u00e5 sidan. Du f\u00e5r en bekr\u00e4ftelse p\u00e5 din avregistrering.\",\"breadcrumb\":{\"@id\":\"https:\/\/holohouse.se\/avregistrering\/#breadcrumb\"},\"inLanguage\":\"en-US\",\"potentialAction\":[{\"@type\":\"ReadAction\",\"target\":[\"https:\/\/holohouse.se\/avregistrering\/\"]}]},{\"@type\":\"BreadcrumbList\",\"@id\":\"https:\/\/holohouse.se\/avregistrering\/#breadcrumb\",\"itemListElement\":[{\"@type\":\"ListItem\",\"position\":1,\"name\":\"Home\",\"item\":\"https:\/\/holohouse.se\/\"},{\"@type\":\"ListItem\",\"position\":2,\"name\":\"Avregistrering\"}]},{\"@type\":\"WebSite\",\"@id\":\"https:\/\/holohouse.se\/#website\",\"url\":\"https:\/\/holohouse.se\/\",\"name\":\"HoloHouse\",\"description\":\"We work with Sustainability\",\"publisher\":{\"@id\":\"https:\/\/holohouse.se\/#organization\"},\"potentialAction\":[{\"@type\":\"SearchAction\",\"target\":{\"@type\":\"EntryPoint\",\"urlTemplate\":\"https:\/\/holohouse.se\/?s={search_term_string}\"},\"query-input\":{\"@type\":\"PropertyValueSpecification\",\"valueRequired\":true,\"valueName\":\"search_term_string\"}}],\"inLanguage\":\"en-US\"},{\"@type\":\"Organization\",\"@id\":\"https:\/\/holohouse.se\/#organization\",\"name\":\"Holohouse\",\"url\":\"https:\/\/holohouse.se\/\",\"logo\":{\"@type\":\"ImageObject\",\"inLanguage\":\"en-US\",\"@id\":\"https:\/\/holohouse.se\/#\/schema\/logo\/image\/\",\"url\":\"https:\/\/holohouse.se\/wp-content\/uploads\/2022\/07\/Holohouse-website.png\",\"contentUrl\":\"https:\/\/holohouse.se\/wp-content\/uploads\/2022\/07\/Holohouse-website.png\",\"width\":1887,\"height\":219,\"caption\":\"Holohouse\"},\"image\":{\"@id\":\"https:\/\/holohouse.se\/#\/schema\/logo\/image\/\"},\"sameAs\":[\"https:\/\/www.facebook.com\/holohouse.sustainability\/\",\"https:\/\/se.linkedin.com\/company\/holohousesustainability\",\"https:\/\/www.instagram.com\/holohouse.se\/\"]}]}<\/script>\n<!-- \/ Yoast SEO plugin. -->","yoast_head_json":{"title":"Avregistrering - HoloHouse","description":"Avregistrera dig fr\u00e5n v\u00e5ra utskick via l\u00e4nken i mejlet eller formul\u00e4ret p\u00e5 sidan. Du f\u00e5r en bekr\u00e4ftelse p\u00e5 din avregistrering.","robots":{"index":"index","follow":"follow","max-snippet":"max-snippet:-1","max-image-preview":"max-image-preview:large","max-video-preview":"max-video-preview:-1"},"canonical":"https:\/\/holohouse.se\/en\/avregistrering\/","og_locale":"en_US","og_type":"article","og_title":"Avregistrering - HoloHouse","og_description":"Avregistrera dig fr\u00e5n v\u00e5ra utskick via l\u00e4nken i mejlet eller formul\u00e4ret p\u00e5 sidan. Du f\u00e5r en bekr\u00e4ftelse p\u00e5 din avregistrering.","og_url":"https:\/\/holohouse.se\/en\/avregistrering\/","og_site_name":"HoloHouse","article_publisher":"https:\/\/www.facebook.com\/holohouse.sustainability\/","article_modified_time":"2025-10-22T09:10:16+00:00","twitter_card":"summary_large_image","schema":{"@context":"https:\/\/schema.org","@graph":[{"@type":"WebPage","@id":"https:\/\/holohouse.se\/avregistrering\/","url":"https:\/\/holohouse.se\/avregistrering\/","name":"Avregistrering - HoloHouse","isPartOf":{"@id":"https:\/\/holohouse.se\/#website"},"datePublished":"2025-10-15T14:04:24+00:00","dateModified":"2025-10-22T09:10:16+00:00","description":"Avregistrera dig fr\u00e5n v\u00e5ra utskick via l\u00e4nken i mejlet eller formul\u00e4ret p\u00e5 sidan. Du f\u00e5r en bekr\u00e4ftelse p\u00e5 din avregistrering.","breadcrumb":{"@id":"https:\/\/holohouse.se\/avregistrering\/#breadcrumb"},"inLanguage":"en-US","potentialAction":[{"@type":"ReadAction","target":["https:\/\/holohouse.se\/avregistrering\/"]}]},{"@type":"BreadcrumbList","@id":"https:\/\/holohouse.se\/avregistrering\/#breadcrumb","itemListElement":[{"@type":"ListItem","position":1,"name":"Home","item":"https:\/\/holohouse.se\/"},{"@type":"ListItem","position":2,"name":"Avregistrering"}]},{"@type":"WebSite","@id":"https:\/\/holohouse.se\/#website","url":"https:\/\/holohouse.se\/","name":"HoloHouse","description":"We work with Sustainability","publisher":{"@id":"https:\/\/holohouse.se\/#organization"},"potentialAction":[{"@type":"SearchAction","target":{"@type":"EntryPoint","urlTemplate":"https:\/\/holohouse.se\/?s={search_term_string}"},"query-input":{"@type":"PropertyValueSpecification","valueRequired":true,"valueName":"search_term_string"}}],"inLanguage":"en-US"},{"@type":"Organization","@id":"https:\/\/holohouse.se\/#organization","name":"Holohouse","url":"https:\/\/holohouse.se\/","logo":{"@type":"ImageObject","inLanguage":"en-US","@id":"https:\/\/holohouse.se\/#\/schema\/logo\/image\/","url":"https:\/\/holohouse.se\/wp-content\/uploads\/2022\/07\/Holohouse-website.png","contentUrl":"https:\/\/holohouse.se\/wp-content\/uploads\/2022\/07\/Holohouse-website.png","width":1887,"height":219,"caption":"Holohouse"},"image":{"@id":"https:\/\/holohouse.se\/#\/schema\/logo\/image\/"},"sameAs":["https:\/\/www.facebook.com\/holohouse.sustainability\/","https:\/\/se.linkedin.com\/company\/holohousesustainability","https:\/\/www.instagram.com\/holohouse.se\/"]}]}},"_links":{"self":[{"href":"https:\/\/holohouse.se\/en\/wp-json\/wp\/v2\/pages\/10160","targetHints":{"allow":["GET"]}}],"collection":[{"href":"https:\/\/holohouse.se\/en\/wp-json\/wp\/v2\/pages"}],"about":[{"href":"https:\/\/holohouse.se\/en\/wp-json\/wp\/v2\/types\/page"}],"author":[{"embeddable":true,"href":"https:\/\/holohouse.se\/en\/wp-json\/wp\/v2\/users\/6"}],"replies":[{"embeddable":true,"href":"https:\/\/holohouse.se\/en\/wp-json\/wp\/v2\/comments?post=10160"}],"version-history":[{"count":2,"href":"https:\/\/holohouse.se\/en\/wp-json\/wp\/v2\/pages\/10160\/revisions"}],"predecessor-version":[{"id":10189,"href":"https:\/\/holohouse.se\/en\/wp-json\/wp\/v2\/pages\/10160\/revisions\/10189"}],"wp:attachment":[{"href":"https:\/\/holohouse.se\/en\/wp-json\/wp\/v2\/media?parent=10160"}],"curies":[{"name":"wp","href":"https:\/\/api.w.org\/{rel}","templated":true}]}}